{"id":160,"date":"2021-02-25T15:16:43","date_gmt":"2021-02-25T14:16:43","guid":{"rendered":"https:\/\/www.beerbosch.be\/domaine-viticole-belge\/"},"modified":"2026-04-13T14:13:58","modified_gmt":"2026-04-13T12:13:58","slug":"notre-histoire","status":"publish","type":"page","link":"https:\/\/www.beerbosch.be\/fr\/notre-histoire\/","title":{"rendered":"Notre histoire"},"content":{"rendered":"<div class=\"wpb-content-wrapper\"><p>[vc_row css=\u00a0\u00bb.vc_custom_1611855091344{margin-top: 50px !important;margin-bottom: 20px !important;}\u00a0\u00bb][vc_column][dfd_delimiter delimiter_style=\u00a0\u00bbdfd-delimiter-with-text\u00a0\u00bb text_delimiter=\u00a0\u00bbnotre histoire\u00a0\u00bb module_animation=\u00a0\u00bbtransition.expandIn\u00a0\u00bb undefined=\u00a0\u00bb\u00a0\u00bb delim_line_color=\u00a0\u00bb#c99e67&Prime; text_color=\u00a0\u00bb#000000&Prime; title_font_options=\u00a0\u00bbfont_size:20|line_height:50&Prime; tutorials=\u00a0\u00bb\u00a0\u00bb][\/vc_column][\/vc_row][vc_row][vc_column width=\u00a0\u00bb1\/2&Prime;][vc_column_text]<\/p>\n<h2>L\u2019ORIGINE<\/h2>\n<p>Le village de Sint-Denijs est situ\u00e9 dans le poumon vert de la Flandre du Sud-Ouest, entre l&rsquo;Escaut et la Lys. Cette sous-commune de Zwevegem, avec ses collines, vous accueille avec des vues panoramiques et une riche histoire agricole. Un soulagement de l&rsquo;agitation des agglom\u00e9rations de Lille et Courtrai.<\/p>\n<p>Selon les matrices cadastrales exhum\u00e9es des registres paroissiaux de Sint-Denijs, Beerbosch \u00e9tait une section du Sint-Denijs du 19\u00e8me si\u00e8cle. Beerbosch, prononc\u00e9 localement comme beir(g)bos : d\u00e9formation de la montagne. Un \u0153il averti permet de reconna\u00eetre cette typique paysage.<br \/>\nCe domaine symbolise \u00e0 sa fa\u00e7on le style de Beerbosch : d\u2019\u00e9l\u00e9gance, d\u2019harmonie et de raffinement.[\/vc_column_text][\/vc_column][vc_column width=\u00a0\u00bb1\/2&Prime;][dfd_single_image image=\u00a0\u00bb2296&Prime;][\/vc_column][\/vc_row][vc_row][vc_column][dfd_single_image image_size=\u00a0\u00bbcustom\u00a0\u00bb image_width=\u00a0\u00bb80&Prime; image_height=\u00a0\u00bb80&Prime; image=\u00a0\u00bb2416&Prime;][\/vc_column][\/vc_row][vc_row][vc_column][vc_column_text]<\/p>\n<h2>TERROIR<\/h2>\n<p>La localisation se traduit par les conditions du sol (argile, limon, chailles et marnes vertes ferrif\u00e8res plus profondes) dans un vin de terroir distinct avec beaucoup de caract\u00e8re. Une vigne n&rsquo;a pas la capacit\u00e9 d&rsquo;absorber directement les min\u00e9raux, les ar\u00f4mes et les saveurs du sol. Les ar\u00f4mes de chailles se refl\u00e8tent dans le vin en raison d&rsquo;un manque d&rsquo;azote dans le fond, ce qui peut provoquer des ar\u00f4mes fum\u00e9s.<\/p>\n<p>Il a \u00e9t\u00e9 d\u00e9cid\u00e9 de ne planter que des Vitis Vinifera traditionnels : Pinot Noir, Chardonnay, Pinot Blanc, Gamay, Merlot et Gewurztraminer. En raison de ce choix de c\u00e9pages, le go\u00fbt et la qualit\u00e9 ont \u00e9t\u00e9 choisis, malgr\u00e9 une culture complexe et un rendement volontairement inf\u00e9rieur dans notre climat.<\/p>\n<p>Les vignobles du domaine sont am\u00e9nag\u00e9s selon le principe Fran\u00e7ais classique du Guyot Simple, avec la zone fruiti\u00e8re proche du sol, ce qui favorise la maturation. Apr\u00e8s les vendanges et la vinification, le vin repose en cave et a la possibilit\u00e9 d&rsquo;atteindre son plein \u00e9panouissement.<\/p>\n<p>Les vignes sont accompagn\u00e9es de quelques rares oiseaux sauvages dont le busard des marais et le coucou, des rapaces, des lapins et des li\u00e8vres. Quelques instants suffisent pour comprendre cette merveilleuse alchimie entre faune et paysage.<\/p>\n<p>Aucun herbicide ni insecticide est utilis\u00e9.[\/vc_column_text][\/vc_column][\/vc_row][vc_row][vc_column][dfd_single_image image_size=\u00a0\u00bbcustom\u00a0\u00bb image_width=\u00a0\u00bb80&Prime; image_height=\u00a0\u00bb80&Prime; image=\u00a0\u00bb2416&Prime;][\/vc_column][\/vc_row][vc_row][vc_column][vc_column_text]<\/p>\n<h2>LA FAMILLE<\/h2>\n<p>[\/vc_column_text][vc_row_inner css=\u00a0\u00bb.vc_custom_1612783868127{margin-top: 10px !important;margin-bottom: 10px !important;}\u00a0\u00bb][vc_column_inner][dfd_spacer screen_wide_spacer_size=\u00a0\u00bb50&Prime; screen_normal_resolution=\u00a0\u00bb1024&Prime; screen_tablet_resolution=\u00a0\u00bb800&Prime; screen_mobile_resolution=\u00a0\u00bb480&Prime;][\/vc_column_inner][\/vc_row_inner][vc_row_inner css=\u00a0\u00bb.vc_custom_1612783868127{margin-top: 10px !important;margin-bottom: 10px !important;}\u00a0\u00bb][vc_column_inner][dfd_single_image image=\u00a0\u00bb2237&Prime;][\/vc_column_inner][\/vc_row_inner][vc_row_inner css=\u00a0\u00bb.vc_custom_1612783868127{margin-top: 10px !important;margin-bottom: 10px !important;}\u00a0\u00bb][vc_column_inner][dfd_spacer screen_wide_spacer_size=\u00a0\u00bb50&Prime; screen_normal_resolution=\u00a0\u00bb1024&Prime; screen_tablet_resolution=\u00a0\u00bb800&Prime; screen_mobile_resolution=\u00a0\u00bb480&Prime;][\/vc_column_inner][\/vc_row_inner][vc_row_inner][vc_column_inner width=\u00a0\u00bb1\/2&Prime;][dfd_single_image image_size=\u00a0\u00bbmedium\u00a0\u00bb image_alignment=\u00a0\u00bbimage-right\u00a0\u00bb module_animation=\u00a0\u00bbtransition.fadeIn\u00a0\u00bb image=\u00a0\u00bb2210&Prime; img_rounded=\u00a0\u00bb3&Prime;][\/vc_column_inner][vc_column_inner width=\u00a0\u00bb1\/2&Prime;][vc_column_text]<\/p>\n<h2>Veerle Verrue<\/h2>\n<p>Veerle Verrue est n\u00e9e le 15 mai 1987 et est la fille, la petite-fille et l&rsquo;arri\u00e8re-petite-fille d&rsquo;agriculteurs.<\/p>\n<p>Apr\u00e8s ses \u00e9tudes universitaires en Biosciences, elle a obtenu son dipl\u00f4me de vigneron en 2021.<\/p>\n<p>Cependant, elle veut plus, comprendre le secret des grands mill\u00e9simes, elle suit donc en permanence des formations compl\u00e9mentaires, notamment de sommeli\u00e8re.<\/p>\n<p><span style=\"color: #bf9959;\">\u00ab Le vin est toujours le produit d&rsquo;une connivence entre le viticulteur et le ma\u00eetre de chai.. \u00bb<\/span>[\/vc_column_text][\/vc_column_inner][\/vc_row_inner][vc_row_inner css=\u00a0\u00bb.vc_custom_1612783868127{margin-top: 10px !important;margin-bottom: 10px !important;}\u00a0\u00bb][vc_column_inner][dfd_spacer screen_wide_spacer_size=\u00a0\u00bb50&Prime; screen_normal_resolution=\u00a0\u00bb1024&Prime; screen_tablet_resolution=\u00a0\u00bb800&Prime; screen_mobile_resolution=\u00a0\u00bb480&Prime;][\/vc_column_inner][\/vc_row_inner][vc_row_inner][vc_column_inner width=\u00a0\u00bb1\/2&Prime;][vc_column_text]<\/p>\n<h2 style=\"text-align: right;\">Arne Pannecoucque<\/h2>\n<p style=\"text-align: right;\">Arne Pannecoucque a obtenu son dipl\u00f4me d&rsquo;ing\u00e9nieur civil en \u00e9lectronique, mais a aid\u00e9 dans les vignobles de la Flandre occidentale pendant ses \u00e9tudes.<\/p>\n<p style=\"text-align: right;\">Avec Veerle, il obtient son dipl\u00f4me de vigneron. Cet ing\u00e9nieur civil n&rsquo;a clairement pas de trou d&rsquo;assise et est heureux de mettre sa tenue de vigneron.<\/p>\n<p>[\/vc_column_text][\/vc_column_inner][vc_column_inner width=\u00a0\u00bb1\/2&Prime;][dfd_single_image image=\u00a0\u00bb2192&Prime;][\/vc_column_inner][\/vc_row_inner][\/vc_column][\/vc_row][vc_row][vc_column][vc_row_inner css=\u00a0\u00bb.vc_custom_1612783868127{margin-top: 10px !important;margin-bottom: 10px !important;}\u00a0\u00bb][vc_column_inner][dfd_spacer screen_wide_spacer_size=\u00a0\u00bb50&Prime; screen_normal_resolution=\u00a0\u00bb1024&Prime; screen_tablet_resolution=\u00a0\u00bb800&Prime; screen_mobile_resolution=\u00a0\u00bb480&Prime;][\/vc_column_inner][\/vc_row_inner][dfd_single_image image_size=\u00a0\u00bbcustom\u00a0\u00bb image_width=\u00a0\u00bb80&Prime; image_height=\u00a0\u00bb80&Prime; image=\u00a0\u00bb2416&Prime;][\/vc_column][\/vc_row][vc_row][vc_column][vc_column_text]<\/p>\n<h2>AMBITION<\/h2>\n<p>Les grands-parents de Veerle avaient une ferme sur le domaine. Pendant des ann\u00e9es, les parents de Veerle ont dirig\u00e9 une ferme de fraises. Leur passion pour la culture agricole se refl\u00e8te d\u00e9sormais dans le b\u00e9tail exclusif Hereford qui r\u00e9side sur le domaine.<\/p>\n<p>Nous ne produisons pas de \u00ab vin de garage \u00bb mais des \u00ab vins de niche \u00bb dont la progression est mesur\u00e9e \u00e0 chaque mill\u00e9sime. Tous ces efforts pour donner envie aux passionn\u00e9s d&rsquo;essayer ces vins de Flandre occidentale extr\u00eamement raffin\u00e9s.<\/p>\n<p>En 2019, un chai de vinification moderne a \u00e9t\u00e9 install\u00e9 et s\u2019\u00e9tend \u00e0 un deuxi\u00e8me b\u00e2timent pour stocker le mat\u00e9riel agricole.<\/p>\n<p>En 2020, nous avons am\u00e9nag\u00e9 une cave o\u00f9 les tonneaux de vin reposent \u00e0 temp\u00e9rature et humidit\u00e9 constantes.<\/p>\n<p>En 2023, une nouvelle salle de d\u00e9gustation sera construite.[\/vc_column_text][\/vc_column][\/vc_row][vc_row][vc_column][dfd_spacer screen_wide_spacer_size=\u00a0\u00bb50&Prime; screen_normal_resolution=\u00a0\u00bb1024&Prime; screen_tablet_resolution=\u00a0\u00bb800&Prime; screen_mobile_resolution=\u00a0\u00bb480&Prime;][\/vc_column][\/vc_row]<\/p>\n<\/div>","protected":false},"excerpt":{"rendered":"<p>[vc_row css=\u00a0\u00bb.vc_custom_1611855091344{margin-top: 50px !important;margin-bottom: 20px !important;}\u00a0\u00bb][vc_column][dfd_delimiter delimiter_style=\u00a0\u00bbdfd-delimiter-with-text\u00a0\u00bb text_delimiter=\u00a0\u00bbnotre histoire\u00a0\u00bb module_animation=\u00a0\u00bbtransition.expandIn\u00a0\u00bb undefined=\u00a0\u00bb\u00a0\u00bb delim_line_color=\u00a0\u00bb#c99e67&Prime; text_color=\u00a0\u00bb#000000&Prime; title_font_options=\u00a0\u00bbfont_size:20|line_height:50&Prime; tutorials=\u00a0\u00bb\u00a0\u00bb][\/vc_column][\/vc_row][vc_row][vc_column width=\u00a0\u00bb1\/2&Prime;][vc_column_text] L\u2019ORIGINE Le village de Sint-Denijs est situ\u00e9 dans le poumon vert de la Flandre<\/p>\n","protected":false},"author":1,"featured_media":0,"parent":0,"menu_order":110,"comment_status":"closed","ping_status":"closed","template":"tmp-page.php","meta":{"footnotes":""},"class_list":["post-160","page","type-page","status-publish","hentry"],"_links":{"self":[{"href":"https:\/\/www.beerbosch.be\/fr\/wp-json\/wp\/v2\/pages\/160","targetHints":{"allow":["GET"]}}],"collection":[{"href":"https:\/\/www.beerbosch.be\/fr\/wp-json\/wp\/v2\/pages"}],"about":[{"href":"https:\/\/www.beerbosch.be\/fr\/wp-json\/wp\/v2\/types\/page"}],"author":[{"embeddable":true,"href":"https:\/\/www.beerbosch.be\/fr\/wp-json\/wp\/v2\/users\/1"}],"replies":[{"embeddable":true,"href":"https:\/\/www.beerbosch.be\/fr\/wp-json\/wp\/v2\/comments?post=160"}],"version-history":[{"count":1,"href":"https:\/\/www.beerbosch.be\/fr\/wp-json\/wp\/v2\/pages\/160\/revisions"}],"predecessor-version":[{"id":4266,"href":"https:\/\/www.beerbosch.be\/fr\/wp-json\/wp\/v2\/pages\/160\/revisions\/4266"}],"wp:attachment":[{"href":"https:\/\/www.beerbosch.be\/fr\/wp-json\/wp\/v2\/media?parent=160"}],"curies":[{"name":"wp","href":"https:\/\/api.w.org\/{rel}","templated":true}]}}