{"id":170,"date":"2021-02-25T15:22:38","date_gmt":"2021-02-25T14:22:38","guid":{"rendered":"https:\/\/www.beerbosch.be\/nos-vins\/"},"modified":"2026-04-13T13:45:46","modified_gmt":"2026-04-13T11:45:46","slug":"nos-vins","status":"publish","type":"page","link":"https:\/\/www.beerbosch.be\/fr\/nos-vins\/","title":{"rendered":"Nos vins"},"content":{"rendered":"<div class=\"wpb-content-wrapper\"><p>[vc_row css=\u00a0\u00bb.vc_custom_1611855156968{margin-top: 50px !important;margin-bottom: 20px !important;}\u00a0\u00bb][vc_column][dfd_delimiter delimiter_style=\u00a0\u00bbdfd-delimiter-with-text\u00a0\u00bb text_delimiter=\u00a0\u00bbNos vins\u00a0\u00bb text_color=\u00a0\u00bb#000000&Prime; delim_line_color=\u00a0\u00bb#c89f6b\u00a0\u00bb title_font_options=\u00a0\u00bbfont_size:20|line_height:50&Prime; undefined=\u00a0\u00bb\u00a0\u00bb][\/vc_column][\/vc_row][vc_row][vc_column][vc_column_text css=\u00a0\u00bb\u00a0\u00bb]Nous avons d\u00e9cid\u00e9 de ne planter que des <em>Vitis Vinifera<\/em> traditionnels: Pinot Noir, Chardonnay, Pinot Blanc, Pinot Auxerrois, Gamay, Merlot et Gewurztraminer.<\/p>\n<p>En privil\u00e9giant l\u2019harmonie avec la nature, combin\u00e9 avec des rendements r\u00e9duits, un choix affirm\u00e9 est fait pour le go\u00fbt et la qualit\u00e9.<\/p>\n<p>Une fois jug\u00e9 parfait, le vin est mis en vente sur le domaine.<\/p>\n<p>Vous trouverez notre assortiment complet dans la <a href=\"https:\/\/www.beerbosch.be\/fr\/boutique\/\" target=\"_blank\" rel=\"noopener\">boutique en ligne<\/a>.[\/vc_column_text][\/vc_column][\/vc_row][vc_row][vc_column][dfd_delimiter delimiter_style=\u00a0\u00bbdfd-delimiter-with-icon\u00a0\u00bb icon_size=\u00a0\u00bb15&Prime; module_animation=\u00a0\u00bbtransition.fadeIn\u00a0\u00bb show_icon=\u00a0\u00bbenable_icon\u00a0\u00bb ic_dfd_icons=\u00a0\u00bbdfd-socicon-record\u00a0\u00bb undefined=\u00a0\u00bb\u00a0\u00bb][\/vc_column][\/vc_row][vc_row][vc_column][dfd_spacer screen_wide_spacer_size=\u00a0\u00bb50&Prime; screen_normal_resolution=\u00a0\u00bb1024&Prime; screen_tablet_resolution=\u00a0\u00bb800&Prime; screen_mobile_resolution=\u00a0\u00bb480&Prime;][\/vc_column][\/vc_row]<\/p>\n<\/div>","protected":false},"excerpt":{"rendered":"<p>[vc_row css=\u00a0\u00bb.vc_custom_1611855156968{margin-top: 50px !important;margin-bottom: 20px !important;}\u00a0\u00bb][vc_column][dfd_delimiter delimiter_style=\u00a0\u00bbdfd-delimiter-with-text\u00a0\u00bb text_delimiter=\u00a0\u00bbNos vins\u00a0\u00bb text_color=\u00a0\u00bb#000000&Prime; delim_line_color=\u00a0\u00bb#c89f6b\u00a0\u00bb title_font_options=\u00a0\u00bbfont_size:20|line_height:50&Prime; undefined=\u00a0\u00bb\u00a0\u00bb][\/vc_column][\/vc_row][vc_row][vc_column][vc_column_text css=\u00a0\u00bb\u00a0\u00bb]Nous avons d\u00e9cid\u00e9 de ne planter que des Vitis Vinifera traditionnels: Pinot Noir, Chardonnay, Pinot Blanc, Pinot<\/p>\n","protected":false},"author":1,"featured_media":0,"parent":0,"menu_order":115,"comment_status":"closed","ping_status":"closed","template":"tmp-page.php","meta":{"footnotes":""},"class_list":["post-170","page","type-page","status-publish","hentry"],"_links":{"self":[{"href":"https:\/\/www.beerbosch.be\/fr\/wp-json\/wp\/v2\/pages\/170","targetHints":{"allow":["GET"]}}],"collection":[{"href":"https:\/\/www.beerbosch.be\/fr\/wp-json\/wp\/v2\/pages"}],"about":[{"href":"https:\/\/www.beerbosch.be\/fr\/wp-json\/wp\/v2\/types\/page"}],"author":[{"embeddable":true,"href":"https:\/\/www.beerbosch.be\/fr\/wp-json\/wp\/v2\/users\/1"}],"replies":[{"embeddable":true,"href":"https:\/\/www.beerbosch.be\/fr\/wp-json\/wp\/v2\/comments?post=170"}],"version-history":[{"count":4,"href":"https:\/\/www.beerbosch.be\/fr\/wp-json\/wp\/v2\/pages\/170\/revisions"}],"predecessor-version":[{"id":4252,"href":"https:\/\/www.beerbosch.be\/fr\/wp-json\/wp\/v2\/pages\/170\/revisions\/4252"}],"wp:attachment":[{"href":"https:\/\/www.beerbosch.be\/fr\/wp-json\/wp\/v2\/media?parent=170"}],"curies":[{"name":"wp","href":"https:\/\/api.w.org\/{rel}","templated":true}]}}