{"id":176,"date":"2021-02-25T15:28:32","date_gmt":"2021-02-25T14:28:32","guid":{"rendered":"https:\/\/www.beerbosch.be\/contact\/"},"modified":"2026-04-13T13:54:26","modified_gmt":"2026-04-13T11:54:26","slug":"contact","status":"publish","type":"page","link":"https:\/\/www.beerbosch.be\/fr\/contact\/","title":{"rendered":"Contact"},"content":{"rendered":"<div class=\"wpb-content-wrapper\"><p>[vc_row dfd_row_config=\u00a0\u00bbfull_width_content\u00a0\u00bb][vc_column][dfd_google_map map_style=\u00a0\u00bblight-monochrome\u00a0\u00bb location_list=\u00a0\u00bb%5B%7B%22show_tooltip%22%3A%22marker%22%2C%22tooltip_show_setting%22%3A%22show_onclick%22%2C%22marker_location%22%3A%2250.772620089648164%2C%203.320669800176505%22%2C%22title_marker_content%22%3A%22Wijndomein%20Beerbosch%22%2C%22marker_content%22%3A%22Zandbeekstraat%2044%20%3Cbr%2F%3E%5Cn8554%20Sint-Denijs.%22%2C%22location_list2%22%3A%22%255B%257B%257D%255D%22%7D%5D\u00a0\u00bb x_pan=\u00a0\u00bb0&Prime; y_pan=\u00a0\u00bb0&Prime; size=\u00a0\u00bb300&Prime; tooltip_text_color=\u00a0\u00bb#c0863e\u00a0\u00bb][\/vc_column][\/vc_row][vc_row css=\u00a0\u00bb.vc_custom_1612788606659{margin-top: 50px !important;margin-bottom: 20px !important;}\u00a0\u00bb][vc_column][dfd_delimiter delimiter_style=\u00a0\u00bbdfd-delimiter-with-text\u00a0\u00bb text_delimiter=\u00a0\u00bbContactez nous\u00a0\u00bb text_color=\u00a0\u00bb#000000&Prime; undefined=\u00a0\u00bb\u00a0\u00bb delim_line_color=\u00a0\u00bb#c99e67&Prime; title_font_options=\u00a0\u00bbfont_size:20|line_height:50&Prime;][\/vc_column][\/vc_row][vc_row][vc_column width=\u00a0\u00bb1\/3&Prime;][vc_column_text css=\u00a0\u00bb\u00a0\u00bb]Wijndomein Beerbosch ouvre ses portes \u00e0 tous les \u00e9picuriens et amateurs de vin. Nous serons ravis de vous aider \u00e0 cr\u00e9er votre exp\u00e9rience personnelle pour un moment unique. Une demande de visite, de d\u00e9gustation de vin ou une autre question ? N\u2019h\u00e9sitez pas \u00e0 nous contacter.<\/p>\n<div class=\"page-description\">\n<div class=\"vc_row vc-row-wrapper \" data-parallax_sense=\"30\">\n<div class=\"wpb_row row\">\n<div class=\"twelve columns vc-column-extra-class-64ea43c2b5ab0\" data-parallax_sense=\"30\">\n<div class=\"wpb_wrapper\">\n<div class=\"wpb_text_column wpb_content_element \">\n<div class=\"wpb_wrapper\">\n<div class=\"vc_row vc-row-wrapper \" data-parallax_sense=\"30\">\n<div class=\"wpb_row row\">\n<div class=\"twelve columns vc-column-extra-class-64c26fe6b1c77\" data-parallax_sense=\"30\">\n<div class=\"wpb_wrapper\">\n<div class=\"wpb_text_column wpb_content_element \">\n<div class=\"wpb_wrapper\">\n<h2>ACHETER SUR LE DOMAINE<strong><br \/>\n<\/strong><\/h2>\n<p>Passez dans notre magasin au domaine:<\/p>\n<p>\u2022 Chaque vendredi : 16h \u2013 20h (bar \u00e0 vin &amp; boutique de vin)<br data-start=\"59\" data-end=\"62\" \/>\u2022 Chaque dimanche : 14h \u2013 18h (bar \u00e0 vin &amp; boutique de vin)<\/p>\n<h2>BOUTIQUE EN LIGNE<\/h2>\n<\/div>\n<\/div>\n<\/div>\n<\/div>\n<\/div>\n<\/div>\n<p>Nos vins sont \u00e9galement disponibles via notre boutique en ligne. Vous pouvez opter pour une livraison \u00e0 domicile ou pour un retrait dans notre boutique situ\u00e9e au domaine viticole.<\/p>\n<\/div>\n<\/div>\n<\/div>\n<\/div>\n<\/div>\n<\/div>\n<\/div>\n<h2>Activit\u00e9s dans la r\u00e9gion:<\/h2>\n<ul>\n<li>B&amp;B <a href=\"https:\/\/www.deugdzonde.be\/\" target=\"_blank\" rel=\"noopener\">De Deugdzonde<\/a><\/li>\n<li>Toerisme \u00e0 la ferme <a href=\"https:\/\/www.hoevetoerismetenroodenduifhuize.be\/\" target=\"_blank\" rel=\"noopener\">Ten Rooden Duifhuize<\/a><\/li>\n<li>Camping et camperparking <a href=\"https:\/\/www.campingzennijs.be\/#verblijf\" target=\"_blank\" rel=\"noopener\">Camping Zennijs<\/a><\/li>\n<li>la ferme biologique <a href=\"https:\/\/degrenshoeve.jimdofree.com\/\" target=\"_blank\" rel=\"noopener\">De Grenshoeve<\/a><\/li>\n<\/ul>\n<p>[\/vc_column_text][dfd_spacer screen_wide_spacer_size=\u00a0\u00bb30&Prime; screen_normal_resolution=\u00a0\u00bb1024&Prime; screen_tablet_resolution=\u00a0\u00bb800&Prime; screen_mobile_resolution=\u00a0\u00bb480&Prime;][dfd_icon_list list_fields=\u00a0\u00bb%5B%7B%22icon_type%22%3A%22selector%22%2C%22select_icon%22%3A%22dfd_icons%22%2C%22ic_dfd_icons%22%3A%22dfd-socicon-map-marker%22%2C%22text_content%22%3A%22Zandbeekstraat%2044%3Cbr%2F%3E%5Cn8554%20Sint-Denijs%22%2C%22link_box%22%3A%22link_b%22%2C%22link%22%3A%22url%3Ahttps%253A%252F%252Fwww.google.com%252Fmaps%252Fplace%252FZandbeekstraat%252B44%252C%252B8554%252BZwevegem%7Ctarget%3A_blank%22%7D%2C%7B%22icon_type%22%3A%22selector%22%2C%22select_icon%22%3A%22dfd_icons%22%2C%22ic_dfd_icons%22%3A%22dfd-socicon-mail%22%2C%22text_content%22%3A%22info%40beerbosch.be%22%2C%22link_box%22%3A%22link_b%22%2C%22link%22%3A%22url%3Amailto%253Ainfo%2540beerbosch.be%22%7D%2C%7B%22icon_type%22%3A%22selector%22%2C%22select_icon%22%3A%22dfd_icons%22%2C%22ic_dfd_icons%22%3A%22dfd-socicon-telephone-handle-silhouette%22%2C%22text_content%22%3A%22%2B32%20(0)471%2092%2046%2087%20%22%2C%22link_box%22%3A%22link_b%22%2C%22link%22%3A%22url%3Atel%253A%252B32471924687%22%7D%5D\u00a0\u00bb del_height=\u00a0\u00bb1&Prime; main_style=\u00a0\u00bbstyle-2&Prime; font_options=\u00a0\u00bbtag:h5|font_size:20&Prime;][dfd_spacer screen_wide_spacer_size=\u00a0\u00bb10&Prime; screen_normal_resolution=\u00a0\u00bb1024&Prime; screen_tablet_resolution=\u00a0\u00bb800&Prime; screen_mobile_resolution=\u00a0\u00bb480&Prime;][vc_column_text]Nous traitons vos donn\u00e9es conform\u00e9ment \u00e0 la l\u00e9gislation sur la confidentialit\u00e9 entr\u00e9e en vigueur le 25 mai 2018. Lisez notre d\u00e9claration de confidentialit\u00e9 pour plus d&rsquo;informations.[\/vc_column_text][\/vc_column][vc_column width=\u00a0\u00bb2\/3&Prime;][dfd_user_form fake_check_layout=\u00a0\u00bbforms_02&Prime; show_label_text=\u00a0\u00bbon\u00a0\u00bb horiz_margin_btw_inputs=\u00a0\u00bb5&Prime; button_border_radius=\u00a0\u00bb9&Prime; button_backgrond=\u00a0\u00bb#c0863e\u00a0\u00bb button_color_text=\u00a0\u00bb#ffffff\u00a0\u00bb btn_message=\u00a0\u00bbEnvoyer\u00a0\u00bb btn_align=\u00a0\u00bbright\u00a0\u00bb use_recaptcha=\u00a0\u00bbyes\u00a0\u00bb recaptcha_publickey=\u00a0\u00bb6LcaUk8aAAAAAC4emxg8CF7ykOM6y3_yWRCrmqw8&Prime; recaptcha_privatekey=\u00a0\u00bb6LcaUk8aAAAAAD1shLELaeFUMnicLjrYEmMfJ1fQ\u00a0\u00bb email_subject=\u00a0\u00bbAanvraag op website\u00a0\u00bb check_layout=\u00a0\u00bbforms_02.php\u00a0\u00bb check_layout_forms_02=\u00a0\u00bb{\u00ab\u00a01\u00ab\u00a0:{\u00ab\u00a0text_name\u00ab\u00a0:{\u00ab\u00a0required-1\u00ab\u00a0:\u00ab\u00a01\u00ab\u00a0,\u00ab\u00a0name\u00ab\u00a0:\u00ab\u00a0Nom\u00ab\u00a0}},\u00ab\u00a02\u00ab\u00a0:{\u00ab\u00a0email\u00ab\u00a0:{\u00ab\u00a0name\u00ab\u00a0:\u00ab\u00a0Adresse e-mail\u00ab\u00a0,\u00ab\u00a0required-1\u00ab\u00a0:\u00ab\u00a01\u00ab\u00a0}},\u00ab\u00a03\u00ab\u00a0:{\u00ab\u00a0textarea_name\u00ab\u00a0:{\u00ab\u00a0name\u00ab\u00a0:\u00ab\u00a0Votre message\u00ab\u00a0}}}\u00a0\u00bb]Van: {{text_name-1}}<br \/>\nEmail: {{email-2}}<\/p>\n<p>Bericht:<br \/>\n{{textarea_name-3}}<\/p>\n<p>&#8212;<br \/>\nDeze e-mail werd verzonden op de website<\/p>\n<p>&#8212;<br \/>\nDeze e-mail werd verzonden op de website[\/dfd_user_form][dfd_spacer screen_wide_spacer_size=\u00a0\u00bb30&Prime; screen_normal_resolution=\u00a0\u00bb1024&Prime; screen_tablet_resolution=\u00a0\u00bb800&Prime; screen_mobile_resolution=\u00a0\u00bb480&Prime;][\/vc_column][\/vc_row]<\/p>\n<\/div>","protected":false},"excerpt":{"rendered":"<p>[vc_row dfd_row_config=\u00a0\u00bbfull_width_content\u00a0\u00bb][vc_column][dfd_google_map map_style=\u00a0\u00bblight-monochrome\u00a0\u00bb location_list=\u00a0\u00bb%5B%7B%22show_tooltip%22%3A%22marker%22%2C%22tooltip_show_setting%22%3A%22show_onclick%22%2C%22marker_location%22%3A%2250.772620089648164%2C%203.320669800176505%22%2C%22title_marker_content%22%3A%22Wijndomein%20Beerbosch%22%2C%22marker_content%22%3A%22Zandbeekstraat%2044%20%3Cbr%2F%3E%5Cn8554%20Sint-Denijs.%22%2C%22location_list2%22%3A%22%255B%257B%257D%255D%22%7D%5D\u00a0\u00bb x_pan=\u00a0\u00bb0&Prime; y_pan=\u00a0\u00bb0&Prime; size=\u00a0\u00bb300&Prime; tooltip_text_color=\u00a0\u00bb#c0863e\u00a0\u00bb][\/vc_column][\/vc_row][vc_row css=\u00a0\u00bb.vc_custom_1612788606659{margin-top: 50px !important;margin-bottom: 20px !important;}\u00a0\u00bb][vc_column][dfd_delimiter delimiter_style=\u00a0\u00bbdfd-delimiter-with-text\u00a0\u00bb text_delimiter=\u00a0\u00bbContactez nous\u00a0\u00bb text_color=\u00a0\u00bb#000000&Prime; undefined=\u00a0\u00bb\u00a0\u00bb delim_line_color=\u00a0\u00bb#c99e67&Prime; title_font_options=\u00a0\u00bbfont_size:20|line_height:50&Prime;][\/vc_column][\/vc_row][vc_row][vc_column width=\u00a0\u00bb1\/3&Prime;][vc_column_text css=\u00a0\u00bb\u00a0\u00bb]Wijndomein Beerbosch ouvre ses portes \u00e0 tous les \u00e9picuriens<\/p>\n","protected":false},"author":1,"featured_media":0,"parent":0,"menu_order":170,"comment_status":"closed","ping_status":"closed","template":"tmp-page.php","meta":{"footnotes":""},"class_list":["post-176","page","type-page","status-publish","hentry"],"_links":{"self":[{"href":"https:\/\/www.beerbosch.be\/fr\/wp-json\/wp\/v2\/pages\/176","targetHints":{"allow":["GET"]}}],"collection":[{"href":"https:\/\/www.beerbosch.be\/fr\/wp-json\/wp\/v2\/pages"}],"about":[{"href":"https:\/\/www.beerbosch.be\/fr\/wp-json\/wp\/v2\/types\/page"}],"author":[{"embeddable":true,"href":"https:\/\/www.beerbosch.be\/fr\/wp-json\/wp\/v2\/users\/1"}],"replies":[{"embeddable":true,"href":"https:\/\/www.beerbosch.be\/fr\/wp-json\/wp\/v2\/comments?post=176"}],"version-history":[{"count":3,"href":"https:\/\/www.beerbosch.be\/fr\/wp-json\/wp\/v2\/pages\/176\/revisions"}],"predecessor-version":[{"id":4256,"href":"https:\/\/www.beerbosch.be\/fr\/wp-json\/wp\/v2\/pages\/176\/revisions\/4256"}],"wp:attachment":[{"href":"https:\/\/www.beerbosch.be\/fr\/wp-json\/wp\/v2\/media?parent=176"}],"curies":[{"name":"wp","href":"https:\/\/api.w.org\/{rel}","templated":true}]}}