{"id":179,"date":"2021-02-25T15:29:08","date_gmt":"2021-02-25T14:29:08","guid":{"rendered":"https:\/\/www.beerbosch.be\/contact\/politique-de-confidentialite\/"},"modified":"2021-03-18T13:23:48","modified_gmt":"2021-03-18T12:23:48","slug":"politique-de-confidentialite","status":"publish","type":"page","link":"https:\/\/www.beerbosch.be\/fr\/contact\/politique-de-confidentialite\/","title":{"rendered":"Politique de confidentialit\u00e9"},"content":{"rendered":"<div class=\"wpb-content-wrapper\"><p>[vc_row css=\u00a0\u00bb.vc_custom_1612792449607{margin-top: 50px !important;margin-bottom: 20px !important;}\u00a0\u00bb][vc_column][dfd_delimiter delimiter_style=\u00a0\u00bbdfd-delimiter-with-text\u00a0\u00bb text_delimiter=\u00a0\u00bbPolitique de confidentialit\u00e9\u00a0\u00bb module_animation=\u00a0\u00bbtransition.fadeIn\u00a0\u00bb text_color=\u00a0\u00bb#000000&Prime; delim_line_color=\u00a0\u00bb#c0863e\u00a0\u00bb title_font_options=\u00a0\u00bbfont_size:20|line_height:50&Prime; undefined=\u00a0\u00bb\u00a0\u00bb tutorials=\u00a0\u00bb\u00a0\u00bb][\/vc_column][\/vc_row][vc_row][vc_column][vc_column_text]<\/p>\n<p><strong>Politique de confidentialit\u00e9<\/strong><\/p>\n<p>Beerbosch attache une grande importance \u00e0 la protection de la vie priv\u00e9e et traite les donn\u00e9es personnelles qui lui sont fournies avec le soin n\u00e9cessaire. Cette d\u00e9claration de confidentialit\u00e9 d\u00e9crit comment Beerbosch traite les donn\u00e9es personnelles qu\u2019elle re\u00e7oit.<\/p>\n<p>Les donn\u00e9es personnelles que vous fournissez seront trait\u00e9es par Beerbosch, Kooigemstraat 45C, 8554 Sint-Denijs. Elles sont trait\u00e9es conform\u00e9ment aux dispositions du r\u00e8glement g\u00e9n\u00e9ral europ\u00e9en sur la protection des donn\u00e9es (AVG) du 27 avril 2016 (mieux connu sous le nom de R\u00e8glement g\u00e9n\u00e9ral sur la protection des donn\u00e9es ou \u2018RGPD\u2019). Beerbosch traite les donn\u00e9es personnelles uniquement aux fins pour lesquelles elles sont collect\u00e9es et uniquement pour le temps n\u00e9cessaire \u00e0 cela.<\/p>\n<p>Vous pouvez nous contacter directement via les formulaires de contact que vous trouverez sur notre site. En particulier, vous pouvez nous fournir les informations suivantes:<\/p>\n<ul>\n<li>Nom<\/li>\n<li>E-mail<\/li>\n<\/ul>\n<p>Nous collectons, traitons et utilisons les informations (que vous avez fournies via le formulaire de contact) uniquement pour le traitement de votre demande sp\u00e9cifique.<\/p>\n<p>Vous avez le droit de demander l\u2019acc\u00e8s \u00e0 vos propres donn\u00e9es personnelles. Vous pouvez demander \u00e0 visualiser et \u00e0 corriger vos donn\u00e9es personnelles si n\u00e9cessaire. Dans certains cas et s\u2019il existe de bonnes raisons de le faire, vous pouvez demander la suppression de vos donn\u00e9es personnelles. Pour exercer ce droit, vous pouvez envoyer un e-mail \u00e0 info@beerbosch.be.<\/p>\n<p>Lors d\u2019une visite sur notre site Web, des donn\u00e9es non personnelles telles que le type de navigateur, l\u2019adresse IP, la plateforme et les \u00abcookies\u00bb peuvent \u00eatre plac\u00e9es sur le disque dur de votre ordinateur. Cela se produit uniquement pour mieux adapter le site Web aux besoins du visiteur. Les navigateurs Internet vous permettent d\u2019emp\u00eacher l\u2019utilisation de cookies, de recevoir un avertissement lorsqu\u2019un cookie est install\u00e9 ou de supprimer les cookies de votre disque dur. Consultez la fonction d\u2019aide de votre navigateur. Toutes les donn\u00e9es sur le comportement de navigation peuvent \u00eatre trac\u00e9es par Beerbosch via des statistiques anonymes ou des fichiers journaux internet. Cependant, ils ne sont en aucun cas analys\u00e9s individuellement ou personnellement. Beerbosch ne transmet pas ces informations \u00e0 d\u2019autres organisations.<\/p>\n<p>Il est possible que cette d\u00e9claration de confidentialit\u00e9 soit modifi\u00e9e dans le futur. Notre politique, en mati\u00e8re de donn\u00e9es personnelles, est donc de r\u00e9guli\u00e8rement v\u00e9rifier (par rapport \u00e0 la r\u00e9glementation en vigueur) et modifier, si n\u00e9cessaire, notre d\u00e9claration de confidentialit\u00e9. Les changements seront affich\u00e9s sur cette page.<\/p>\n<p>[\/vc_column_text][\/vc_column][\/vc_row][vc_row][vc_column][dfd_spacer screen_wide_spacer_size=\u00a0\u00bb20&Prime; screen_normal_resolution=\u00a0\u00bb1024&Prime; screen_tablet_resolution=\u00a0\u00bb800&Prime; screen_mobile_resolution=\u00a0\u00bb480&Prime;][\/vc_column][\/vc_row]<\/p>\n<\/div>","protected":false},"excerpt":{"rendered":"<p>[vc_row css=\u00a0\u00bb.vc_custom_1612792449607{margin-top: 50px !important;margin-bottom: 20px !important;}\u00a0\u00bb][vc_column][dfd_delimiter delimiter_style=\u00a0\u00bbdfd-delimiter-with-text\u00a0\u00bb text_delimiter=\u00a0\u00bbPolitique de confidentialit\u00e9\u00a0\u00bb module_animation=\u00a0\u00bbtransition.fadeIn\u00a0\u00bb text_color=\u00a0\u00bb#000000&Prime; delim_line_color=\u00a0\u00bb#c0863e\u00a0\u00bb title_font_options=\u00a0\u00bbfont_size:20|line_height:50&Prime; undefined=\u00a0\u00bb\u00a0\u00bb tutorials=\u00a0\u00bb\u00a0\u00bb][\/vc_column][\/vc_row][vc_row][vc_column][vc_column_text] Politique de confidentialit\u00e9 Beerbosch attache une grande importance \u00e0 la protection de la vie<\/p>\n","protected":false},"author":1,"featured_media":0,"parent":176,"menu_order":100,"comment_status":"closed","ping_status":"closed","template":"tmp-page.php","meta":{"footnotes":""},"class_list":["post-179","page","type-page","status-publish","hentry"],"_links":{"self":[{"href":"https:\/\/www.beerbosch.be\/fr\/wp-json\/wp\/v2\/pages\/179","targetHints":{"allow":["GET"]}}],"collection":[{"href":"https:\/\/www.beerbosch.be\/fr\/wp-json\/wp\/v2\/pages"}],"about":[{"href":"https:\/\/www.beerbosch.be\/fr\/wp-json\/wp\/v2\/types\/page"}],"author":[{"embeddable":true,"href":"https:\/\/www.beerbosch.be\/fr\/wp-json\/wp\/v2\/users\/1"}],"replies":[{"embeddable":true,"href":"https:\/\/www.beerbosch.be\/fr\/wp-json\/wp\/v2\/comments?post=179"}],"version-history":[{"count":0,"href":"https:\/\/www.beerbosch.be\/fr\/wp-json\/wp\/v2\/pages\/179\/revisions"}],"up":[{"embeddable":true,"href":"https:\/\/www.beerbosch.be\/fr\/wp-json\/wp\/v2\/pages\/176"}],"wp:attachment":[{"href":"https:\/\/www.beerbosch.be\/fr\/wp-json\/wp\/v2\/media?parent=179"}],"curies":[{"name":"wp","href":"https:\/\/api.w.org\/{rel}","templated":true}]}}