{"id":2036,"date":"2023-07-13T10:52:04","date_gmt":"2023-07-13T08:52:04","guid":{"rendered":"https:\/\/www.beerbosch.be\/?page_id=2036"},"modified":"2026-04-13T14:06:00","modified_gmt":"2026-04-13T12:06:00","slug":"partenaires","status":"publish","type":"page","link":"https:\/\/www.beerbosch.be\/fr\/partenaires\/","title":{"rendered":"Partenaires"},"content":{"rendered":"<div class=\"wpb-content-wrapper\"><p>[vc_row css=\u00a0\u00bb.vc_custom_1611855065209{margin-top: 50px !important;margin-bottom: 20px !important;}\u00a0\u00bb][vc_column][dfd_delimiter delimiter_style=\u00a0\u00bbdfd-delimiter-with-text\u00a0\u00bb text_delimiter=\u00a0\u00bbPartenaires\u00a0\u00bb text_color=\u00a0\u00bb#000000&Prime; delim_line_color=\u00a0\u00bb#c89f6b\u00a0\u00bb title_font_options=\u00a0\u00bbfont_size:20|line_height:50&Prime; undefined=\u00a0\u00bb\u00a0\u00bb][\/vc_column][\/vc_row][vc_row][vc_column][vc_column_text css=\u00a0\u00bb\u00a0\u00bb]<\/p>\n<h2>D\u00e9couvrez ici nos vins.<strong><br \/>\n<\/strong><\/h2>\n<p data-start=\"25\" data-end=\"146\">Nous collaborons avec plusieurs restaurants de haut niveau, avec une attention particuli\u00e8re port\u00e9e aux accords mets-vins.<\/p>\n<p data-start=\"148\" data-end=\"283\" data-is-last-node=\"\" data-is-only-node=\"\">Int\u00e9ress\u00e9(e) \u00e0 proposer nos vins ou \u00e0 les int\u00e9grer dans votre assortiment ?<br data-start=\"223\" data-end=\"226\" \/>Contactez-nous pour une prise de <a href=\"https:\/\/www.beerbosch.be\/fr\/contact\/\" target=\"_blank\" rel=\"noopener\">contact<\/a> sans engagement.<\/p>\n<p><span class=\"text-alpha\">\u00a0<\/span><\/p>\n<p><strong>Flandre-Occidentale<br \/>\n<\/strong><\/p>\n<table>\n<tbody>\n<tr>\n<td>Argendael<\/td>\n<td>Doornikserijksweg 195, 8520 Bellegem<\/td>\n<td><a href=\"https:\/\/www.argendael.be\/\" target=\"_blank\" rel=\"noopener\">www.argendael.be<\/a><\/td>\n<\/tr>\n<tr>\n<td>De Muishond<\/td>\n<td>Zandbeekstraat 15, 8554 Sint-Denijs<\/td>\n<td><a href=\"https:\/\/www.muishond.be\/\" target=\"_blank\" rel=\"noopener\">www.muishond.be<\/a><\/td>\n<\/tr>\n<tr>\n<td>L&rsquo;Envie *<\/td>\n<td>Helkijnstraat 38, 8554 Sint-Denijs<\/td>\n<td><a href=\"https:\/\/www.lenvie-restaurant.be\/\" target=\"_blank\" rel=\"noopener\">www.lenvie-restaurant.be<\/a><\/td>\n<\/tr>\n<tr>\n<td>La Descente du Pont<\/td>\n<td>Gemeenteplein 2, 8587 Spiere-Helkijn<\/td>\n<td><a href=\"https:\/\/www.ladescentedupont.be\/nl\" target=\"_blank\" rel=\"noopener\">www.ladescentedupont.be<\/a><\/td>\n<\/tr>\n<tr>\n<td>La Diff\u00e9rence<\/td>\n<td>Doornikserijksweg 379, 8510 Kooigem<\/td>\n<td><a href=\"https:\/\/www.ladifference-culinair.be\/\" target=\"_blank\" rel=\"noopener\">www.ladifference-culinair.be<\/a><\/td>\n<\/tr>\n<tr>\n<td>Bar \u00e0 vins Bodyn<\/td>\n<td>Polderstraat 70, 8301 Knokke-Heist<\/td>\n<td><a href=\"https:\/\/www.wijnenbodyn.be\/\" target=\"_blank\" rel=\"noopener\">www.wijnenbodyn.be<\/a><\/td>\n<\/tr>\n<tr>\n<td>Restaurant Pauline<\/td>\n<td>Gentsesteenweg 178, 8500 Kortrijk<\/td>\n<td><a href=\"https:\/\/restaurant-pauline.be\/\" target=\"_blank\" rel=\"noopener\">www.restaurant-pauline.be<\/a><\/td>\n<\/tr>\n<tr>\n<td>Wijnresto Merlijn<\/td>\n<td>Oude Wervikstraat 70, 8980 Zonnebeke<\/td>\n<td><a href=\"https:\/\/www.restomerlijn.be\/\" target=\"_blank\" rel=\"noopener\">www.restomerlijn.be<\/a><\/td>\n<\/tr>\n<\/tbody>\n<\/table>\n<p>[\/vc_column_text][dfd_spacer screen_wide_spacer_size=\u00a0\u00bb50&Prime; screen_normal_resolution=\u00a0\u00bb1024&Prime; screen_tablet_resolution=\u00a0\u00bb800&Prime; screen_mobile_resolution=\u00a0\u00bb480&Prime;][\/vc_column][\/vc_row][vc_row][vc_column][dfd_spacer screen_wide_spacer_size=\u00a0\u00bb50&Prime; screen_normal_resolution=\u00a0\u00bb1024&Prime; screen_tablet_resolution=\u00a0\u00bb800&Prime; screen_mobile_resolution=\u00a0\u00bb480&Prime;][\/vc_column][\/vc_row]<\/p>\n<\/div>","protected":false},"excerpt":{"rendered":"<p>[vc_row css=\u00a0\u00bb.vc_custom_1611855065209{margin-top: 50px !important;margin-bottom: 20px !important;}\u00a0\u00bb][vc_column][dfd_delimiter delimiter_style=\u00a0\u00bbdfd-delimiter-with-text\u00a0\u00bb text_delimiter=\u00a0\u00bbPartenaires\u00a0\u00bb text_color=\u00a0\u00bb#000000&Prime; delim_line_color=\u00a0\u00bb#c89f6b\u00a0\u00bb title_font_options=\u00a0\u00bbfont_size:20|line_height:50&Prime; undefined=\u00a0\u00bb\u00a0\u00bb][\/vc_column][\/vc_row][vc_row][vc_column][vc_column_text css=\u00a0\u00bb\u00a0\u00bb] D\u00e9couvrez ici nos vins. Nous collaborons avec plusieurs restaurants de haut niveau, avec une attention particuli\u00e8re port\u00e9e<\/p>\n","protected":false},"author":2,"featured_media":0,"parent":0,"menu_order":150,"comment_status":"closed","ping_status":"closed","template":"tmp-page.php","meta":{"footnotes":""},"class_list":["post-2036","page","type-page","status-publish","hentry"],"_links":{"self":[{"href":"https:\/\/www.beerbosch.be\/fr\/wp-json\/wp\/v2\/pages\/2036","targetHints":{"allow":["GET"]}}],"collection":[{"href":"https:\/\/www.beerbosch.be\/fr\/wp-json\/wp\/v2\/pages"}],"about":[{"href":"https:\/\/www.beerbosch.be\/fr\/wp-json\/wp\/v2\/types\/page"}],"author":[{"embeddable":true,"href":"https:\/\/www.beerbosch.be\/fr\/wp-json\/wp\/v2\/users\/2"}],"replies":[{"embeddable":true,"href":"https:\/\/www.beerbosch.be\/fr\/wp-json\/wp\/v2\/comments?post=2036"}],"version-history":[{"count":1,"href":"https:\/\/www.beerbosch.be\/fr\/wp-json\/wp\/v2\/pages\/2036\/revisions"}],"predecessor-version":[{"id":4264,"href":"https:\/\/www.beerbosch.be\/fr\/wp-json\/wp\/v2\/pages\/2036\/revisions\/4264"}],"wp:attachment":[{"href":"https:\/\/www.beerbosch.be\/fr\/wp-json\/wp\/v2\/media?parent=2036"}],"curies":[{"name":"wp","href":"https:\/\/api.w.org\/{rel}","templated":true}]}}