{"id":4283,"date":"2026-04-18T15:16:35","date_gmt":"2026-04-18T13:16:35","guid":{"rendered":"https:\/\/www.beerbosch.be\/visitez-et-vivez\/bar-a-vin-terrasse\/"},"modified":"2026-04-18T15:16:35","modified_gmt":"2026-04-18T13:16:35","slug":"bar-a-vin-terrasse","status":"publish","type":"page","link":"https:\/\/www.beerbosch.be\/fr\/visitez-et-vivez\/bar-a-vin-terrasse\/","title":{"rendered":"Bar \u00e0 vin &#038; Terrasse"},"content":{"rendered":"<div class=\"wpb-content-wrapper\"><p>[vc_row][vc_column css=\u00a0\u00bb.vc_custom_1758181704027{padding-right: 20px !important;padding-left: 20px !important;}\u00a0\u00bb col_shadow=\u00a0\u00bbbox_shadow_enable:disable|shadow_horizontal:0|shadow_vertical:15|shadow_blur:50|shadow_spread:0|box_shadow_color:rgba(0%2C0%2C0%2C0.35)\u00a0\u00bb col_shadow_hover=\u00a0\u00bbbox_shadow_enable:disable|shadow_horizontal:0|shadow_vertical:15|shadow_blur:50|shadow_spread:0|box_shadow_color:rgba(0%2C0%2C0%2C0.35)\u00a0\u00bb][vc_row_inner][vc_column_inner][dfd_delimiter delimiter_style=\u00a0\u00bbdfd-delimiter-with-text\u00a0\u00bb text_delimiter=\u00a0\u00bbBar \u00e0 vin &amp; Terrasse\u00a0\u00bb text_color=\u00a0\u00bb#000000&Prime; delim_line_color=\u00a0\u00bb#C59A68&Prime; title_font_options=\u00a0\u00bbfont_size:20|line_height:50&Prime;][dfd_spacer screen_wide_spacer_size=\u00a0\u00bb20&Prime; screen_normal_resolution=\u00a0\u00bb1024&Prime; screen_tablet_resolution=\u00a0\u00bb800&Prime; screen_mobile_resolution=\u00a0\u00bb480&Prime;][\/vc_column_inner][\/vc_row_inner][\/vc_column][\/vc_row][vc_row][vc_column css=\u00a0\u00bb.vc_custom_1758181745514{padding-right: 20px !important;padding-left: 20px !important;}\u00a0\u00bb col_shadow=\u00a0\u00bbbox_shadow_enable:disable|shadow_horizontal:0|shadow_vertical:15|shadow_blur:50|shadow_spread:0|box_shadow_color:rgba(0%2C0%2C0%2C0.35)\u00a0\u00bb col_shadow_hover=\u00a0\u00bbbox_shadow_enable:disable|shadow_horizontal:0|shadow_vertical:15|shadow_blur:50|shadow_spread:0|box_shadow_color:rgba(0%2C0%2C0%2C0.35)\u00a0\u00bb][dfd_single_image image=\u00a0\u00bb3529&Prime; el_class=\u00a0\u00bbspacerimage\u00a0\u00bb][\/vc_column][\/vc_row][vc_row css=\u00a0\u00bb.vc_custom_1758181723227{padding-right: 20px !important;padding-left: 20px !important;}\u00a0\u00bb][vc_column width=\u00a0\u00bb1\/2&Prime;][dfd_spacer screen_wide_spacer_size=\u00a0\u00bb50&Prime; screen_normal_resolution=\u00a0\u00bb1024&Prime; screen_tablet_resolution=\u00a0\u00bb800&Prime; screen_mobile_resolution=\u00a0\u00bb480&Prime;][vc_column_text css=\u00a0\u00bb\u00a0\u00bb]<\/p>\n<p data-start=\"0\" data-end=\"337\">Bienvenue dans notre nouveau bar \u00e0 vin et sur notre terrasse, o\u00f9 la vue sur les vignes compl\u00e8te parfaitement l\u2019ambiance. Chaque vendredi de 16h \u00e0 20h et chaque dimanche de 14h \u00e0 18h, nous vous accueillons avec plaisir pour vous faire d\u00e9couvrir nos vins raffin\u00e9s, accompagn\u00e9s de fromages soigneusement s\u00e9lectionn\u00e9s et de douceurs sucr\u00e9es.<\/p>\n<p><\/p>\n<p data-start=\"339\" data-end=\"761\">D\u00e9couvrez \u00e9galement notre glace artisanale au vin, unique en son genre, qui apporte une touche gourmande \u00e0 la saison, ou laissez-vous tenter par nos limonades sp\u00e9ciales, alternatives sans alcool ainsi que par un d\u00e9licieux caf\u00e9, th\u00e9 ou infusion. Notre carte propose \u00e9galement des accords surprenants o\u00f9 vins et mets raffin\u00e9s se compl\u00e8tent avec subtilit\u00e9. Un lieu o\u00f9 style et saveurs se rencontrent, tout au long de l\u2019ann\u00e9e.<\/p>\n<p><\/p>\n<p data-start=\"763\" data-end=\"867\">Le paiement est possible en esp\u00e8ces ou via Payconiq. Veuillez noter que Bancontact n\u2019est pas disponible.<\/p>\n<p><\/p>\n<p data-start=\"869\" data-end=\"1082\" data-is-last-node=\"\" data-is-only-node=\"\">Afin de pr\u00e9server l\u2019atmosph\u00e8re paisible de notre bar \u00e0 vin, les animaux de compagnie ne sont malheureusement pas admis \u00e0 l\u2019int\u00e9rieur. Ils sont toutefois les bienvenus sur la terrasse. Merci de votre compr\u00e9hension.<\/p>\n<p>[\/vc_column_text][\/vc_column][vc_column width=\u00a0\u00bb1\/2&Prime;][dfd_single_image image=\u00a0\u00bb4128&Prime;][dfd_spacer screen_wide_spacer_size=\u00a0\u00bb50&Prime; screen_normal_resolution=\u00a0\u00bb1024&Prime; screen_tablet_resolution=\u00a0\u00bb800&Prime; screen_mobile_resolution=\u00a0\u00bb480&Prime;][dfd_single_image image=\u00a0\u00bb4143&Prime;][\/vc_column][\/vc_row][vc_row][vc_column css=\u00a0\u00bb.vc_custom_1758181735515{padding-right: 20px !important;padding-left: 20px !important;}\u00a0\u00bb col_shadow=\u00a0\u00bbbox_shadow_enable:disable|shadow_horizontal:0|shadow_vertical:15|shadow_blur:50|shadow_spread:0|box_shadow_color:rgba(0%2C0%2C0%2C0.35)\u00a0\u00bb col_shadow_hover=\u00a0\u00bbbox_shadow_enable:disable|shadow_horizontal:0|shadow_vertical:15|shadow_blur:50|shadow_spread:0|box_shadow_color:rgba(0%2C0%2C0%2C0.35)\u00a0\u00bb][dfd_spacer screen_wide_spacer_size=\u00a0\u00bb50&Prime; screen_normal_resolution=\u00a0\u00bb1024&Prime; screen_tablet_resolution=\u00a0\u00bb800&Prime; screen_mobile_resolution=\u00a0\u00bb480&Prime;][\/vc_column][\/vc_row][vc_row][vc_column css=\u00a0\u00bb.vc_custom_1758181735515{padding-right: 20px !important;padding-left: 20px !important;}\u00a0\u00bb col_shadow=\u00a0\u00bbbox_shadow_enable:disable|shadow_horizontal:0|shadow_vertical:15|shadow_blur:50|shadow_spread:0|box_shadow_color:rgba(0%2C0%2C0%2C0.35)\u00a0\u00bb col_shadow_hover=\u00a0\u00bbbox_shadow_enable:disable|shadow_horizontal:0|shadow_vertical:15|shadow_blur:50|shadow_spread:0|box_shadow_color:rgba(0%2C0%2C0%2C0.35)\u00a0\u00bb][dfd_single_image image=\u00a0\u00bb3529&Prime; el_class=\u00a0\u00bbspacerimage\u00a0\u00bb][\/vc_column][\/vc_row][vc_row][vc_column css=\u00a0\u00bb.vc_custom_1758181735515{padding-right: 20px !important;padding-left: 20px !important;}\u00a0\u00bb col_shadow=\u00a0\u00bbbox_shadow_enable:disable|shadow_horizontal:0|shadow_vertical:15|shadow_blur:50|shadow_spread:0|box_shadow_color:rgba(0%2C0%2C0%2C0.35)\u00a0\u00bb col_shadow_hover=\u00a0\u00bbbox_shadow_enable:disable|shadow_horizontal:0|shadow_vertical:15|shadow_blur:50|shadow_spread:0|box_shadow_color:rgba(0%2C0%2C0%2C0.35)\u00a0\u00bb][vc_column_text css=\u00a0\u00bb\u00a0\u00bb]<\/p>\n<p data-start=\"0\" data-end=\"197\">Saviez-vous que le domaine viticole Beerbosch est situ\u00e9 au c\u0153ur du r\u00e9seau de randonn\u00e9e \u00ab Leiestreek \u00bb ? Nous nous trouvons au point-n\u0153ud 53, et les points-n\u0153uds 36 et 56 sont \u00e9galement \u00e0 proximit\u00e9.<\/p>\n<p><\/p>\n<p data-start=\"199\" data-end=\"392\"><strong data-start=\"199\" data-end=\"212\">CONSEIL :<\/strong> Combinez une visite de notre bar \u00e0 vin avec la promenade Argendaal : nous sommes id\u00e9alement situ\u00e9s \u00e0 mi-parcours de cet itin\u00e9raire de 13,5 km (ou de la boucle raccourcie de 7 km).<\/p>\n<p>https:\/\/www.visitwestvlaanderen.be\/nl\/argendaalwandelroute[\/vc_column_text][\/vc_column][\/vc_row][vc_row][vc_column css=\u00a0\u00bb.vc_custom_1758181735515{padding-right: 20px !important;padding-left: 20px !important;}\u00a0\u00bb col_shadow=\u00a0\u00bbbox_shadow_enable:disable|shadow_horizontal:0|shadow_vertical:15|shadow_blur:50|shadow_spread:0|box_shadow_color:rgba(0%2C0%2C0%2C0.35)\u00a0\u00bb col_shadow_hover=\u00a0\u00bbbox_shadow_enable:disable|shadow_horizontal:0|shadow_vertical:15|shadow_blur:50|shadow_spread:0|box_shadow_color:rgba(0%2C0%2C0%2C0.35)\u00a0\u00bb][dfd_single_image image=\u00a0\u00bb3529&Prime; el_class=\u00a0\u00bbspacerimage\u00a0\u00bb][\/vc_column][\/vc_row]<\/p>\n<\/div>","protected":false},"excerpt":{"rendered":"<p>[vc_row][vc_column css=\u00a0\u00bb.vc_custom_1758181704027{padding-right: 20px !important;padding-left: 20px !important;}\u00a0\u00bb col_shadow=\u00a0\u00bbbox_shadow_enable:disable|shadow_horizontal:0|shadow_vertical:15|shadow_blur:50|shadow_spread:0|box_shadow_color:rgba(0%2C0%2C0%2C0.35)\u00a0\u00bb col_shadow_hover=\u00a0\u00bbbox_shadow_enable:disable|shadow_horizontal:0|shadow_vertical:15|shadow_blur:50|shadow_spread:0|box_shadow_color:rgba(0%2C0%2C0%2C0.35)\u00a0\u00bb][vc_row_inner][vc_column_inner][dfd_delimiter delimiter_style=\u00a0\u00bbdfd-delimiter-with-text\u00a0\u00bb text_delimiter=\u00a0\u00bbBar \u00e0 vin &amp; Terrasse\u00a0\u00bb text_color=\u00a0\u00bb#000000&Prime; delim_line_color=\u00a0\u00bb#C59A68&Prime; title_font_options=\u00a0\u00bbfont_size:20|line_height:50&Prime;][dfd_spacer screen_wide_spacer_size=\u00a0\u00bb20&Prime; screen_normal_resolution=\u00a0\u00bb1024&Prime; screen_tablet_resolution=\u00a0\u00bb800&Prime; screen_mobile_resolution=\u00a0\u00bb480&Prime;][\/vc_column_inner][\/vc_row_inner][\/vc_column][\/vc_row][vc_row][vc_column css=\u00a0\u00bb.vc_custom_1758181745514{padding-right: 20px !important;padding-left: 20px !important;}\u00a0\u00bb col_shadow=\u00a0\u00bbbox_shadow_enable:disable|shadow_horizontal:0|shadow_vertical:15|shadow_blur:50|shadow_spread:0|box_shadow_color:rgba(0%2C0%2C0%2C0.35)\u00a0\u00bb col_shadow_hover=\u00a0\u00bbbox_shadow_enable:disable|shadow_horizontal:0|shadow_vertical:15|shadow_blur:50|shadow_spread:0|box_shadow_color:rgba(0%2C0%2C0%2C0.35)\u00a0\u00bb][dfd_single_image image=\u00a0\u00bb3529&Prime; el_class=\u00a0\u00bbspacerimage\u00a0\u00bb][\/vc_column][\/vc_row][vc_row<\/p>\n","protected":false},"author":1,"featured_media":0,"parent":773,"menu_order":100,"comment_status":"closed","ping_status":"closed","template":"tmp-page.php","meta":{"footnotes":""},"class_list":["post-4283","page","type-page","status-publish","hentry"],"_links":{"self":[{"href":"https:\/\/www.beerbosch.be\/fr\/wp-json\/wp\/v2\/pages\/4283","targetHints":{"allow":["GET"]}}],"collection":[{"href":"https:\/\/www.beerbosch.be\/fr\/wp-json\/wp\/v2\/pages"}],"about":[{"href":"https:\/\/www.beerbosch.be\/fr\/wp-json\/wp\/v2\/types\/page"}],"author":[{"embeddable":true,"href":"https:\/\/www.beerbosch.be\/fr\/wp-json\/wp\/v2\/users\/1"}],"replies":[{"embeddable":true,"href":"https:\/\/www.beerbosch.be\/fr\/wp-json\/wp\/v2\/comments?post=4283"}],"version-history":[{"count":2,"href":"https:\/\/www.beerbosch.be\/fr\/wp-json\/wp\/v2\/pages\/4283\/revisions"}],"predecessor-version":[{"id":4290,"href":"https:\/\/www.beerbosch.be\/fr\/wp-json\/wp\/v2\/pages\/4283\/revisions\/4290"}],"up":[{"embeddable":true,"href":"https:\/\/www.beerbosch.be\/fr\/wp-json\/wp\/v2\/pages\/773"}],"wp:attachment":[{"href":"https:\/\/www.beerbosch.be\/fr\/wp-json\/wp\/v2\/media?parent=4283"}],"curies":[{"name":"wp","href":"https:\/\/api.w.org\/{rel}","templated":true}]}}