{"id":4312,"date":"2026-04-18T15:32:38","date_gmt":"2026-04-18T13:32:38","guid":{"rendered":"https:\/\/www.beerbosch.be\/visitez-et-vivez\/evenements\/"},"modified":"2026-04-18T15:53:57","modified_gmt":"2026-04-18T13:53:57","slug":"evenements","status":"publish","type":"page","link":"https:\/\/www.beerbosch.be\/fr\/visitez-et-vivez\/evenements\/","title":{"rendered":"\u00c9v\u00e9nements"},"content":{"rendered":"<div class=\"wpb-content-wrapper\"><p>[vc_row css=\u00a0\u00bb.vc_custom_1758182033187{padding-right: 20px !important;padding-left: 20px !important;}\u00a0\u00bb][vc_column][vc_row_inner][vc_column_inner][dfd_delimiter delimiter_style=\u00a0\u00bbdfd-delimiter-with-text\u00a0\u00bb text_delimiter=\u00a0\u00bb\u00c9v\u00e9nements\u00a0\u00bb text_color=\u00a0\u00bb#000000&Prime; title_font_options=\u00a0\u00bbfont_size:20&Prime; delim_line_color=\u00a0\u00bb#C59A68&Prime; tutorials=\u00a0\u00bb\u00a0\u00bb][dfd_spacer screen_wide_spacer_size=\u00a0\u00bb20&Prime; screen_normal_resolution=\u00a0\u00bb1024&Prime; screen_tablet_resolution=\u00a0\u00bb800&Prime; screen_mobile_resolution=\u00a0\u00bb480&Prime;][\/vc_column_inner][\/vc_row_inner][vc_column_text css=\u00a0\u00bb\u00a0\u00bb]<\/p>\n<h1>\u00c0 D\u00c9COUVRIR BIENT\u00d4T<\/h1>\n<p>[\/vc_column_text][\/vc_column][\/vc_row][vc_row][vc_column][dfd_spacer screen_wide_spacer_size=\u00a0\u00bb50&Prime; screen_normal_resolution=\u00a0\u00bb1024&Prime; screen_tablet_resolution=\u00a0\u00bb800&Prime; screen_mobile_resolution=\u00a0\u00bb480&Prime;][\/vc_column][\/vc_row][vc_row][vc_column][vc_column_text css=\u00a0\u00bb\u00a0\u00bb]<div class=\"mec-wrap mec-skin-grid-container  \" id=\"mec_skin_4221\">\r\n\r\n    \r\n            <div class=\"mec-skin-grid-events-container\" id=\"mec_skin_events_4221\">\r\n        <div class=\"mec-wrap colorskin-custom\">\r\n    <div class=\"mec-event-grid-classic\" data-widget-autoplay=\"1\" data-widget-loop=\"1\" data-widget-autoplay-time=\"3000\">\r\n        <div class=\"row\"><div class=\"col-md-4 col-sm-4\"><article class=\" mec-event-article mec-clear  \" itemscope>                                <div class=\"mec-event-image\"><a data-event-id=\"4368\" href=\"https:\/\/www.beerbosch.be\/fr\/events\/mothers-day-afternoon-tea\/\" target=\"_self\" rel=\"noopener\"><img decoding=\"async\" width=\"400\" height=\"267\" src=\"https:\/\/www.beerbosch.be\/wp-content\/uploads\/2026\/03\/AfternoonTea-400x267.jpg\" class=\"attachment-medium size-medium wp-post-image\" alt=\"\" data-mec-postid=\"4368\" loading=\"lazy\" \/><\/a><\/div>\r\n                        <div class=\"mec-event-content\">\r\n                                    <div class=\"mec-event-date mec-bg-color\">\r\n                        <span class=\"mec-start-date-label\">10 mai 2026<\/span>                                                                    <\/div>\r\n                                                                <h4 class=\"mec-event-title\"><a class=\"mec-color-hover\" data-event-id=\"4368\" href=\"https:\/\/www.beerbosch.be\/fr\/events\/mothers-day-afternoon-tea\/\" target=\"_self\" rel=\"noopener\">Mother&rsquo;s Day Afternoon Tea<\/a><span class=\"event-color\" style=\"background: #cfa672\"><\/span><\/h4>\r\n                                <p class=\"mec-grid-event-location\">Wijndomein Beerbosch, Zandbeekstraat 44, 8554 Sint-Denijs (Zwevegem)<\/p>\r\n                                                                            <\/div>\r\n            <div class=\"mec-event-footer\">\r\n                                                <a class=\"mec-booking-button\" data-event-id=\"4368\" href=\"https:\/\/www.beerbosch.be\/fr\/events\/mothers-day-afternoon-tea\/\" target=\"_self\" rel=\"noopener\">Voir le d\u00e9tail<\/a>            <\/div>\r\n        <\/article><\/div>        <div class=\"col-md-4 col-sm-4\"><article class=\" mec-event-article mec-clear  \" itemscope>                                <div class=\"mec-event-image\"><a data-event-id=\"4366\" href=\"https:\/\/www.beerbosch.be\/fr\/events\/balade-viticole-wijndomein-beerbosch\/\" target=\"_self\" rel=\"noopener\"><img loading=\"lazy\" decoding=\"async\" width=\"400\" height=\"267\" src=\"https:\/\/www.beerbosch.be\/wp-content\/uploads\/2023\/08\/20230820_Wijndomein_Beerbosch_076-400x267.jpg\" class=\"attachment-medium size-medium wp-post-image\" alt=\"\" data-mec-postid=\"4366\" \/><\/a><\/div>\r\n                        <div class=\"mec-event-content\">\r\n                                    <div class=\"mec-event-date mec-bg-color\">\r\n                        <span class=\"mec-start-date-label\">10 mai 2026<\/span>                                                                    <\/div>\r\n                                                                <h4 class=\"mec-event-title\"><a class=\"mec-color-hover\" data-event-id=\"4366\" href=\"https:\/\/www.beerbosch.be\/fr\/events\/balade-viticole-wijndomein-beerbosch\/\" target=\"_self\" rel=\"noopener\">Balade viticole : Wijndomein Beerbosch<\/a><span class=\"event-color\" style=\"background: #cfa672\"><\/span><\/h4>\r\n                                <p class=\"mec-grid-event-location\">Wijndomein Beerbosch, Zandbeekstraat 44, 8554 Sint-Denijs (Zwevegem)<\/p>\r\n                                                                            <\/div>\r\n            <div class=\"mec-event-footer\">\r\n                                                <a class=\"mec-booking-button\" data-event-id=\"4366\" href=\"https:\/\/www.beerbosch.be\/fr\/events\/balade-viticole-wijndomein-beerbosch\/\" target=\"_self\" rel=\"noopener\">Voir le d\u00e9tail<\/a>            <\/div>\r\n        <\/article><\/div>                <div class=\"col-md-4 col-sm-4\"><article class=\" mec-event-article mec-clear  \" itemscope>                                <div class=\"mec-event-image\"><a data-event-id=\"4369\" href=\"https:\/\/www.beerbosch.be\/fr\/events\/balade-viticole-wijndomein-beerbosch-2\/\" target=\"_self\" rel=\"noopener\"><img loading=\"lazy\" decoding=\"async\" width=\"400\" height=\"267\" src=\"https:\/\/www.beerbosch.be\/wp-content\/uploads\/2023\/08\/20230820_Wijndomein_Beerbosch_076-400x267.jpg\" class=\"attachment-medium size-medium wp-post-image\" alt=\"\" data-mec-postid=\"4369\" \/><\/a><\/div>\r\n                        <div class=\"mec-event-content\">\r\n                                    <div class=\"mec-event-date mec-bg-color\">\r\n                        <span class=\"mec-start-date-label\">24 mai 2026<\/span>                                                                    <\/div>\r\n                                                                <h4 class=\"mec-event-title\"><a class=\"mec-color-hover\" data-event-id=\"4369\" href=\"https:\/\/www.beerbosch.be\/fr\/events\/balade-viticole-wijndomein-beerbosch-2\/\" target=\"_self\" rel=\"noopener\">Balade viticole : Wijndomein Beerbosch<\/a><span class=\"event-color\" style=\"background: #cfa672\"><\/span><\/h4>\r\n                                <p class=\"mec-grid-event-location\">Wijndomein Beerbosch, Zandbeekstraat 44, 8554 Sint-Denijs (Zwevegem)<\/p>\r\n                                                                            <\/div>\r\n            <div class=\"mec-event-footer\">\r\n                                                <a class=\"mec-booking-button\" data-event-id=\"4369\" href=\"https:\/\/www.beerbosch.be\/fr\/events\/balade-viticole-wijndomein-beerbosch-2\/\" target=\"_self\" rel=\"noopener\">Voir le d\u00e9tail<\/a>            <\/div>\r\n        <\/article><\/div><\/div>                        \t<\/div>\r\n<\/div>\r\n\r\n    <\/div>\r\n    <div class=\"mec-skin-grid-no-events-container mec-util-hidden\" id=\"mec_skin_no_events_4221\">\r\n        Geen evenementen gepland op dit ogenblik.    <\/div>\r\n    \r\n    \r\n<\/div>\r\n[\/vc_column_text][\/vc_column][\/vc_row][vc_row][vc_column][dfd_spacer screen_wide_spacer_size=\u00a0\u00bb50&Prime; screen_normal_resolution=\u00a0\u00bb1024&Prime; screen_tablet_resolution=\u00a0\u00bb800&Prime; screen_mobile_resolution=\u00a0\u00bb480&Prime;][\/vc_column][\/vc_row][vc_row][vc_column][dfd_single_image image=\u00a0\u00bb3529&Prime;][\/vc_column][\/vc_row][vc_row css=\u00a0\u00bb.vc_custom_1758182009499{padding-right: 20px !important;padding-left: 20px !important;}\u00a0\u00bb][vc_column][\/vc_column][\/vc_row]<\/p>\n<\/div>","protected":false},"excerpt":{"rendered":"<p>[vc_row css=\u00a0\u00bb.vc_custom_1758182033187{padding-right: 20px !important;padding-left: 20px !important;}\u00a0\u00bb][vc_column][vc_row_inner][vc_column_inner][dfd_delimiter delimiter_style=\u00a0\u00bbdfd-delimiter-with-text\u00a0\u00bb text_delimiter=\u00a0\u00bb\u00c9v\u00e9nements\u00a0\u00bb text_color=\u00a0\u00bb#000000&Prime; title_font_options=\u00a0\u00bbfont_size:20&Prime; delim_line_color=\u00a0\u00bb#C59A68&Prime; tutorials=\u00a0\u00bb\u00a0\u00bb][dfd_spacer screen_wide_spacer_size=\u00a0\u00bb20&Prime; screen_normal_resolution=\u00a0\u00bb1024&Prime; screen_tablet_resolution=\u00a0\u00bb800&Prime; screen_mobile_resolution=\u00a0\u00bb480&Prime;][\/vc_column_inner][\/vc_row_inner][vc_column_text css=\u00a0\u00bb\u00a0\u00bb] \u00c0 D\u00c9COUVRIR BIENT\u00d4T [\/vc_column_text][\/vc_column][\/vc_row][vc_row][vc_column][dfd_spacer screen_wide_spacer_size=\u00a0\u00bb50&Prime; screen_normal_resolution=\u00a0\u00bb1024&Prime; screen_tablet_resolution=\u00a0\u00bb800&Prime; screen_mobile_resolution=\u00a0\u00bb480&Prime;][\/vc_column][\/vc_row][vc_row][vc_column][vc_column_text css=\u00a0\u00bb\u00a0\u00bb][\/vc_column_text][\/vc_column][\/vc_row][vc_row][vc_column][dfd_spacer screen_wide_spacer_size=\u00a0\u00bb50&Prime; screen_normal_resolution=\u00a0\u00bb1024&Prime; screen_tablet_resolution=\u00a0\u00bb800&Prime; screen_mobile_resolution=\u00a0\u00bb480&Prime;][\/vc_column][\/vc_row][vc_row][vc_column][dfd_single_image<\/p>\n","protected":false},"author":1,"featured_media":0,"parent":773,"menu_order":300,"comment_status":"closed","ping_status":"closed","template":"","meta":{"footnotes":""},"class_list":["post-4312","page","type-page","status-publish","hentry"],"_links":{"self":[{"href":"https:\/\/www.beerbosch.be\/fr\/wp-json\/wp\/v2\/pages\/4312","targetHints":{"allow":["GET"]}}],"collection":[{"href":"https:\/\/www.beerbosch.be\/fr\/wp-json\/wp\/v2\/pages"}],"about":[{"href":"https:\/\/www.beerbosch.be\/fr\/wp-json\/wp\/v2\/types\/page"}],"author":[{"embeddable":true,"href":"https:\/\/www.beerbosch.be\/fr\/wp-json\/wp\/v2\/users\/1"}],"replies":[{"embeddable":true,"href":"https:\/\/www.beerbosch.be\/fr\/wp-json\/wp\/v2\/comments?post=4312"}],"version-history":[{"count":3,"href":"https:\/\/www.beerbosch.be\/fr\/wp-json\/wp\/v2\/pages\/4312\/revisions"}],"predecessor-version":[{"id":4350,"href":"https:\/\/www.beerbosch.be\/fr\/wp-json\/wp\/v2\/pages\/4312\/revisions\/4350"}],"up":[{"embeddable":true,"href":"https:\/\/www.beerbosch.be\/fr\/wp-json\/wp\/v2\/pages\/773"}],"wp:attachment":[{"href":"https:\/\/www.beerbosch.be\/fr\/wp-json\/wp\/v2\/media?parent=4312"}],"curies":[{"name":"wp","href":"https:\/\/api.w.org\/{rel}","templated":true}]}}