{"id":4315,"date":"2026-04-18T15:33:31","date_gmt":"2026-04-18T13:33:31","guid":{"rendered":"https:\/\/www.beerbosch.be\/visitez-et-vivez\/experience-pour-entreprises\/"},"modified":"2026-04-18T15:52:56","modified_gmt":"2026-04-18T13:52:56","slug":"experience-pour-entreprises","status":"publish","type":"page","link":"https:\/\/www.beerbosch.be\/fr\/visitez-et-vivez\/experience-pour-entreprises\/","title":{"rendered":"Exp\u00e9rience pour Entreprises"},"content":{"rendered":"<div class=\"wpb-content-wrapper\"><p>[vc_row css=\u00a0\u00bb.vc_custom_1758182009499{padding-right: 20px !important;padding-left: 20px !important;}\u00a0\u00bb][vc_column][vc_row_inner][vc_column_inner][dfd_delimiter delimiter_style=\u00a0\u00bbdfd-delimiter-with-text\u00a0\u00bb text_delimiter=\u00a0\u00bbExp\u00e9rience pour Entreprises\u00a0\u00bb text_color=\u00a0\u00bb#000000&Prime; title_font_options=\u00a0\u00bbfont_size:20&Prime; delim_line_color=\u00a0\u00bb#C59A68&Prime; tutorials=\u00a0\u00bb\u00a0\u00bb][dfd_spacer screen_wide_spacer_size=\u00a0\u00bb20&Prime; screen_normal_resolution=\u00a0\u00bb1024&Prime; screen_tablet_resolution=\u00a0\u00bb800&Prime; screen_mobile_resolution=\u00a0\u00bb480&Prime;][\/vc_column_inner][\/vc_row_inner][vc_row_inner css=\u00a0\u00bb.vc_custom_1758182021458{padding-right: 20px !important;padding-left: 20px !important;}\u00a0\u00bb][vc_column_inner width=\u00a0\u00bb1\/2&Prime;][vc_column_text css=\u00a0\u00bb\u00a0\u00bb]<\/p>\n<h1 class=\"elementor-heading-title elementor-size-default\">Un lieu unique pour votre \u00e9v\u00e9nement d\u2019entreprise<\/h1>\n<p data-start=\"173\" data-end=\"379\">Notre salle, offrant une vue unique sur le vignoble, constitue le cadre id\u00e9al pour vos r\u00e9unions, s\u00e9minaires, ateliers et lancements de produits. Un cadre inspirant, au c\u0153ur du calme du domaine.<\/p>\n<p data-start=\"381\" data-end=\"654\">La salle peut \u00eatre lou\u00e9e de mani\u00e8re exclusive et est \u00e9quip\u00e9e d\u2019installations audiovisuelles modernes, du Wi-Fi et de tout le confort n\u00e9cessaire au bon d\u00e9roulement professionnel de votre r\u00e9union. L\u2019am\u00e9nagement flexible rend l\u2019espace adapt\u00e9 aussi bien aux petites r\u00e9unions qu\u2019aux \u00e9v\u00e9nements d\u2019affaires de plus grande envergure.<\/p>\n<p data-start=\"656\" data-end=\"862\">Nous proposons des formules sur mesure avec des vins de notre domaine soigneusement s\u00e9lectionn\u00e9s, des amuse-bouches raffin\u00e9s, des walking dinners ou des d\u00e9jeuners l\u00e9gers. Vous pourrez ainsi cl\u00f4turer votre rencontre dans une atmosph\u00e8re d\u00e9tendue et authentique.<\/p>\n<p data-start=\"961\" data-end=\"1053\">Pour plus d\u2019informations ou une proposition sur mesure, vous pouvez nous contacter via <a class=\"decorated-link cursor-pointer\" rel=\"noopener\" data-start=\"197\" data-end=\"214\">info@beerbosch.be<\/a> ou via le <a href=\"https:\/\/www.beerbosch.be\/fr\/contact\/\" target=\"_blank\" rel=\"noopener\">formulaire de contact<\/a>.<\/p>\n<p>[\/vc_column_text][\/vc_column_inner][vc_column_inner width=\u00a0\u00bb1\/2&Prime; css=\u00a0\u00bb.vc_custom_1749914076808{padding-right: 20px !important;padding-left: 20px !important;}\u00a0\u00bb col_inner_shadow=\u00a0\u00bbbox_shadow_enable:disable|shadow_horizontal:0|shadow_vertical:15|shadow_blur:50|shadow_spread:0|box_shadow_color:rgba(0%2C0%2C0%2C0.35)\u00a0\u00bb col_inner_shadow_hover=\u00a0\u00bbbox_shadow_enable:disable|shadow_horizontal:0|shadow_vertical:15|shadow_blur:50|shadow_spread:0|box_shadow_color:rgba(0%2C0%2C0%2C0.35)\u00a0\u00bb][dfd_spacer screen_wide_spacer_size=\u00a0\u00bb10&Prime; screen_normal_resolution=\u00a0\u00bb1024&Prime; screen_tablet_resolution=\u00a0\u00bb800&Prime; screen_mobile_resolution=\u00a0\u00bb480&Prime;][dfd_single_image image=\u00a0\u00bb4145&Prime;][dfd_spacer screen_wide_spacer_size=\u00a0\u00bb10&Prime; screen_normal_resolution=\u00a0\u00bb1024&Prime; screen_tablet_resolution=\u00a0\u00bb800&Prime; screen_mobile_resolution=\u00a0\u00bb480&Prime;][dfd_single_image image=\u00a0\u00bb4147&Prime;][\/vc_column_inner][\/vc_row_inner][\/vc_column][\/vc_row][vc_row css=\u00a0\u00bb.vc_custom_1758182033187{padding-right: 20px !important;padding-left: 20px !important;}\u00a0\u00bb][vc_column][dfd_spacer screen_wide_spacer_size=\u00a0\u00bb50&Prime; screen_normal_resolution=\u00a0\u00bb1024&Prime; screen_tablet_resolution=\u00a0\u00bb800&Prime; screen_mobile_resolution=\u00a0\u00bb480&Prime;][\/vc_column][\/vc_row]<\/p>\n<\/div>","protected":false},"excerpt":{"rendered":"<p>[vc_row css=\u00a0\u00bb.vc_custom_1758182009499{padding-right: 20px !important;padding-left: 20px !important;}\u00a0\u00bb][vc_column][vc_row_inner][vc_column_inner][dfd_delimiter delimiter_style=\u00a0\u00bbdfd-delimiter-with-text\u00a0\u00bb text_delimiter=\u00a0\u00bbExp\u00e9rience pour Entreprises\u00a0\u00bb text_color=\u00a0\u00bb#000000&Prime; title_font_options=\u00a0\u00bbfont_size:20&Prime; delim_line_color=\u00a0\u00bb#C59A68&Prime; tutorials=\u00a0\u00bb\u00a0\u00bb][dfd_spacer screen_wide_spacer_size=\u00a0\u00bb20&Prime; screen_normal_resolution=\u00a0\u00bb1024&Prime; screen_tablet_resolution=\u00a0\u00bb800&Prime; screen_mobile_resolution=\u00a0\u00bb480&Prime;][\/vc_column_inner][\/vc_row_inner][vc_row_inner css=\u00a0\u00bb.vc_custom_1758182021458{padding-right: 20px !important;padding-left: 20px !important;}\u00a0\u00bb][vc_column_inner width=\u00a0\u00bb1\/2&Prime;][vc_column_text css=\u00a0\u00bb\u00a0\u00bb] Un lieu unique pour votre<\/p>\n","protected":false},"author":2,"featured_media":0,"parent":773,"menu_order":300,"comment_status":"closed","ping_status":"closed","template":"","meta":{"footnotes":""},"class_list":["post-4315","page","type-page","status-publish","hentry"],"_links":{"self":[{"href":"https:\/\/www.beerbosch.be\/fr\/wp-json\/wp\/v2\/pages\/4315","targetHints":{"allow":["GET"]}}],"collection":[{"href":"https:\/\/www.beerbosch.be\/fr\/wp-json\/wp\/v2\/pages"}],"about":[{"href":"https:\/\/www.beerbosch.be\/fr\/wp-json\/wp\/v2\/types\/page"}],"author":[{"embeddable":true,"href":"https:\/\/www.beerbosch.be\/fr\/wp-json\/wp\/v2\/users\/2"}],"replies":[{"embeddable":true,"href":"https:\/\/www.beerbosch.be\/fr\/wp-json\/wp\/v2\/comments?post=4315"}],"version-history":[{"count":6,"href":"https:\/\/www.beerbosch.be\/fr\/wp-json\/wp\/v2\/pages\/4315\/revisions"}],"predecessor-version":[{"id":4349,"href":"https:\/\/www.beerbosch.be\/fr\/wp-json\/wp\/v2\/pages\/4315\/revisions\/4349"}],"up":[{"embeddable":true,"href":"https:\/\/www.beerbosch.be\/fr\/wp-json\/wp\/v2\/pages\/773"}],"wp:attachment":[{"href":"https:\/\/www.beerbosch.be\/fr\/wp-json\/wp\/v2\/media?parent=4315"}],"curies":[{"name":"wp","href":"https:\/\/api.w.org\/{rel}","templated":true}]}}