{"id":4321,"date":"2026-04-18T15:34:41","date_gmt":"2026-04-18T13:34:41","guid":{"rendered":"https:\/\/www.beerbosch.be\/visitez-et-vivez\/visites-guidees-eegustationsrondleiding-en-degustaties\/"},"modified":"2026-04-18T15:54:40","modified_gmt":"2026-04-18T13:54:40","slug":"visites-guidees-eegustations","status":"publish","type":"page","link":"https:\/\/www.beerbosch.be\/fr\/visitez-et-vivez\/visites-guidees-eegustations\/","title":{"rendered":"Visites guid\u00e9es &amp; E\u00e9gustations"},"content":{"rendered":"<div class=\"wpb-content-wrapper\"><p>[vc_row css=\u00a0\u00bb.vc_custom_1758181850635{padding-right: 20px !important;padding-left: 20px !important;}\u00a0\u00bb][vc_column][vc_row_inner][vc_column_inner][dfd_delimiter delimiter_style=\u00a0\u00bbdfd-delimiter-with-text\u00a0\u00bb text_delimiter=\u00a0\u00bbVisites guid\u00e9es &amp; E\u00e9gustations\u00a0\u00bb text_color=\u00a0\u00bb#000000&Prime; delim_line_color=\u00a0\u00bb#C59A68&Prime; title_font_options=\u00a0\u00bbfont_size:20&Prime; tutorials=\u00a0\u00bb\u00a0\u00bb][dfd_spacer screen_wide_spacer_size=\u00a0\u00bb20&Prime; screen_normal_resolution=\u00a0\u00bb1024&Prime; screen_tablet_resolution=\u00a0\u00bb800&Prime; screen_mobile_resolution=\u00a0\u00bb480&Prime;][\/vc_column_inner][\/vc_row_inner][vc_row_inner css=\u00a0\u00bb.vc_custom_1758181858754{padding-right: 20px !important;padding-left: 20px !important;}\u00a0\u00bb][vc_column_inner width=\u00a0\u00bb2\/3&Prime;][vc_column_text css=\u00a0\u00bb\u00a0\u00bb]<\/p>\n<h2>Beerbosch Classic Tasting<\/h2>\n<p><strong>Une exp\u00e9rience intemporelle, o\u00f9 chaque bouteille raconte une histoire.<\/strong>[\/vc_column_text][\/vc_column_inner][vc_column_inner width=\u00a0\u00bb1\/3&Prime;][\/vc_column_inner][\/vc_row_inner][vc_row_inner css=\u00a0\u00bb.vc_custom_1758181876090{padding-right: 20px !important;padding-left: 20px !important;}\u00a0\u00bb][vc_column_inner width=\u00a0\u00bb2\/3&Prime;][vc_column_text css=\u00a0\u00bb\u00a0\u00bb]<\/p>\n<div class=\"wpb_text_column wpb_content_element \">\n<div class=\"wpb_wrapper\">\n<p data-start=\"224\" data-end=\"402\"><em>Sur r\u00e9servation | 60 minutes<br \/>\n15 \u20ac par personne \u00e0 partir de 8 personnes \/ forfait de 120 \u20ac si moins de 8 personnes<\/em><\/p>\n<p>Lors de cette d\u00e9gustation raffin\u00e9e, notre vigneronne vous emm\u00e8ne dans l\u2019histoire qui se cache derri\u00e8re nos vins.<\/p>\n<p data-start=\"404\" data-end=\"581\">Elle vous explique ce qu\u2019implique r\u00e9ellement la production d\u2019un vin de qualit\u00e9 : du soin apport\u00e9 au vignoble \u00e0 la pr\u00e9cision en cave. Vous ne vous contentez pas de go\u00fbter, vous comprenez aussi ce que vous d\u00e9gustez.<br \/>\nLa d\u00e9gustation comprend quatre vins soigneusement s\u00e9lectionn\u00e9s par personne, chacun ayant sa propre histoire, son style et son caract\u00e8re. Pour finir, une cr\u00e9ation exclusive vient clore la d\u00e9gustation en beaut\u00e9 tout en apportant une touche inattendue.<\/p>\n<p data-start=\"704\" data-end=\"878\">Une exp\u00e9rience particuli\u00e8re pour ceux qui cherchent \u00e0 approfondir leurs connaissances, dans un cadre calme et \u00e9l\u00e9gant.<\/p>\n<\/div>\n<\/div>\n<div class=\"wpb_text_column wpb_content_element \">\n<div class=\"wpb_wrapper\">\n<p>Demandes via <a href=\"mailto:info@beerbosch.be\" target=\"_blank\" rel=\"noopener\">info@beerbosch.be<\/a> ou remplissez le <a href=\"https:\/\/www.beerbosch.be\/fr\/contact\/\" target=\"_blank\" rel=\"noopener\">formulaire sur notre page de contact<\/a>.<\/p>\n<\/div>\n<\/div>\n<p>[\/vc_column_text][\/vc_column_inner][vc_column_inner width=\u00a0\u00bb1\/3&Prime;][dfd_single_image image=\u00a0\u00bb2291&Prime;][\/vc_column_inner][\/vc_row_inner][vc_row_inner css=\u00a0\u00bb.vc_custom_1758181885882{padding-right: 20px !important;padding-left: 20px !important;}\u00a0\u00bb][vc_column_inner col_inner_shadow=\u00a0\u00bbbox_shadow_enable:disable|shadow_horizontal:0|shadow_vertical:15|shadow_blur:50|shadow_spread:0|box_shadow_color:rgba(0%2C0%2C0%2C0.35)\u00a0\u00bb col_inner_shadow_hover=\u00a0\u00bbbox_shadow_enable:disable|shadow_horizontal:0|shadow_vertical:15|shadow_blur:50|shadow_spread:0|box_shadow_color:rgba(0%2C0%2C0%2C0.35)\u00a0\u00bb][dfd_single_image image=\u00a0\u00bb3529&Prime; el_class=\u00a0\u00bbspacerimage\u00a0\u00bb][\/vc_column_inner][\/vc_row_inner][vc_row_inner][vc_column_inner width=\u00a0\u00bb1\/3&Prime;][\/vc_column_inner][vc_column_inner width=\u00a0\u00bb2\/3&Prime;][vc_column_text css=\u00a0\u00bb\u00a0\u00bb]<\/p>\n<h2><strong data-start=\"615\" data-end=\"667\">Vin et glace artisanale \u2013 un accord hivernal surprenant<\/strong><\/h2>\n<p><strong>Un d\u00e9lice gourmand qui allie chaleur et raffinement.<\/strong><\/p>\n<p>&nbsp;<\/p>\n<p>[\/vc_column_text][\/vc_column_inner][\/vc_row_inner][vc_row_inner][vc_column_inner width=\u00a0\u00bb1\/3&Prime;][dfd_single_image image=\u00a0\u00bb3543&Prime;][\/vc_column_inner][vc_column_inner width=\u00a0\u00bb2\/3&Prime;][vc_column_text css=\u00a0\u00bb\u00a0\u00bb]<\/p>\n<div class=\"wpb_text_column wpb_content_element \">\n<div class=\"wpb_wrapper\">\n<p><em>Sur r\u00e9servation | 60-75 minutes<br \/>\n28 \u20ac par personne \u00e0 partir de 8 personnes \/ forfait de 225 \u20ac si moins de 8 personnes<\/em><\/p>\n<p>Laissez-vous surprendre par une exp\u00e9rience gustative unique sur notre domaine viticole. Lors de cette d\u00e9gustation guid\u00e9e, nous marions 4 de nos propres vins avec des sp\u00e9cialit\u00e9s glac\u00e9es artisanales qui s\u2019accordent parfaitement avec les riches saveurs de l\u2019hiver. Pensez \u00e0 de la glace de ferme onctueuse, des sorbets raffin\u00e9s au caract\u00e8re festif et notre glace exclusive au vin Chardonnay.<\/p>\n<p>Pour ravir les papilles : une cr\u00e9ation glac\u00e9e exclusive en guise de conclusion. Chaque accord est compos\u00e9 avec soin pour faire fusionner les ar\u00f4mes raffin\u00e9s de nos vins avec le caract\u00e8re surprenant de la glace. Une exp\u00e9rience o\u00f9 chaleur et fra\u00eecheur, contraste et harmonie se rencontrent.<\/p>\n<p data-start=\"868\" data-end=\"1031\">Parfait pour commencer la nouvelle ann\u00e9e avec go\u00fbt \u2013 pour les \u00e9picuriens qui aiment les saveurs uniques et les plaisirs gourmands.<\/p>\n<p>Demandes via <a href=\"mailto:info@beerbosch.be\" target=\"_blank\" rel=\"noopener\">info@beerbosch.be<\/a> ou remplissez le <a href=\"https:\/\/www.beerbosch.be\/fr\/contact\/\" target=\"_blank\" rel=\"noopener\">formulaire sur notre page de contact<\/a>.<\/p>\n<\/div>\n<\/div>\n<p>[\/vc_column_text][\/vc_column_inner][\/vc_row_inner][vc_row_inner][vc_column_inner css=\u00a0\u00bb.vc_custom_1758181904722{padding-top: 20px !important;padding-right: 20px !important;padding-bottom: 20px !important;padding-left: 20px !important;}\u00a0\u00bb col_inner_shadow=\u00a0\u00bbbox_shadow_enable:disable|shadow_horizontal:0|shadow_vertical:15|shadow_blur:50|shadow_spread:0|box_shadow_color:rgba(0%2C0%2C0%2C0.35)\u00a0\u00bb col_inner_shadow_hover=\u00a0\u00bbbox_shadow_enable:disable|shadow_horizontal:0|shadow_vertical:15|shadow_blur:50|shadow_spread:0|box_shadow_color:rgba(0%2C0%2C0%2C0.35)\u00a0\u00bb][dfd_single_image image=\u00a0\u00bb3529&Prime; el_class=\u00a0\u00bbspacerimage\u00a0\u00bb][\/vc_column_inner][\/vc_row_inner][vc_row_inner css=\u00a0\u00bb.vc_custom_1758181895586{padding-right: 20px !important;padding-left: 20px !important;}\u00a0\u00bb][vc_column_inner width=\u00a0\u00bb2\/3&Prime;][vc_column_text css=\u00a0\u00bb\u00a0\u00bb]<\/p>\n<h2>Visite guid\u00e9e Beerbosch du raisin au verre avec d\u00e9gustation<\/h2>\n<p><strong>Plongez dans l\u2019univers du domaine viticole Beerbosch lors d\u2019une visite guid\u00e9e de notre vignoble et de notre cuverie, avant de terminer dans notre bar \u00e0 vins.<\/strong><\/p>\n<p><em>Sur r\u00e9servation | 90 minutes<br \/>\n15 \u20ac par personne \u00e0 partir de 10 personnes \/ forfait de 150 \u20ac si moins de 10 personnes.<\/em><\/p>\n<p>Vous d\u00e9couvrirez en chemin comment nos vins voient le jour : de la culture durable \u00e0 la croissance et au cycle de la vigne, adapt\u00e9s au rythme des saisons.<\/p>\n<div class=\"wpb_text_column wpb_content_element \">\n<div class=\"wpb_wrapper\">\n<p data-start=\"543\" data-end=\"714\">En chemin, nous vous parlerons de notre m\u00e9thode de travail, de notre philosophie et de l\u2019importance de ce qui se passe sous et sur le sol \u2013 car un grand vin commence dans le vignoble. Comprend une d\u00e9gustation de 3 vins Beerbosch \u00e0 la fin dans notre bar \u00e0 vins. Vous pr\u00e9f\u00e9rez \u00e9viter l\u2019alcool ? Vous pourrez alors choisir parmi de d\u00e9licieuses limonades ou des jus.<\/p>\n<p data-start=\"815\" data-end=\"964\">Que vous aimiez la nature, le calme ou le vin raffin\u00e9, cette visite est un moyen id\u00e9al de se connecter \u00e0 l\u2019histoire qui se cache derri\u00e8re le verre.<\/p>\n<p>R\u00e9servation via <a href=\"mailto:info@beerbosch.be\" target=\"_blank\" rel=\"noopener\">info@beerbosch.be<\/a> ou remplissez le <a href=\"https:\/\/www.beerbosch.be\/fr\/contact\/\" target=\"_blank\" rel=\"noopener\">formulaire sur notre page de contact<\/a>.<\/p>\n<p>Nous proposons \u00e9galement cette formule \u00e0 des dates fixes, o\u00f9 nous r\u00e9unissons des particuliers et de petits groupes pour former un groupe plus important de 20 personnes maximum, plus d\u2019infos sous <a href=\"https:\/\/www.beerbosch.be\/fr\/visitez-et-vivez\/evenements\/\" target=\"_blank\" rel=\"noopener\">\u00e9v\u00e9nements <\/a><\/p>\n<\/div>\n<\/div>\n<p>[\/vc_column_text][\/vc_column_inner][vc_column_inner width=\u00a0\u00bb1\/3&Prime;][dfd_single_image image_size=\u00a0\u00bbmedium\u00a0\u00bb image=\u00a0\u00bb4054&Prime;][\/vc_column_inner][\/vc_row_inner][vc_row_inner css=\u00a0\u00bb.vc_custom_1758181919954{padding-right: 20px !important;padding-left: 20px !important;}\u00a0\u00bb][vc_column_inner css=\u00a0\u00bb.vc_custom_1749910029830{padding-top: 20px !important;padding-bottom: 20px !important;}\u00a0\u00bb col_inner_shadow=\u00a0\u00bbbox_shadow_enable:disable|shadow_horizontal:0|shadow_vertical:15|shadow_blur:50|shadow_spread:0|box_shadow_color:rgba(0%2C0%2C0%2C0.35)\u00a0\u00bb col_inner_shadow_hover=\u00a0\u00bbbox_shadow_enable:disable|shadow_horizontal:0|shadow_vertical:15|shadow_blur:50|shadow_spread:0|box_shadow_color:rgba(0%2C0%2C0%2C0.35)\u00a0\u00bb][dfd_single_image image=\u00a0\u00bb3529&Prime; el_class=\u00a0\u00bbspacerimage\u00a0\u00bb][\/vc_column_inner][\/vc_row_inner][vc_row_inner][vc_column_inner width=\u00a0\u00bb1\/3&Prime;][dfd_single_image image=\u00a0\u00bb2276&Prime;][\/vc_column_inner][vc_column_inner width=\u00a0\u00bb2\/3&Prime;][vc_column_text css=\u00a0\u00bb\u00a0\u00bb]<\/p>\n<div class=\"wpb_text_column wpb_content_element \">\n<div class=\"wpb_wrapper\">\n<h2><strong>Visite guid\u00e9e \u00ab vignoble \u00bb Beerbosch<\/strong><\/h2>\n<p>Lors de cette visite guid\u00e9e, vous d\u00e9couvrirez comment nos vins voient le jour : de la culture durable du raisin aux soins en cave.<\/p>\n<p><em>Sur r\u00e9servation | env. 45 minutes<br \/>\n9 \u20ac par personne \u00e0 partir de 10 personnes \/ forfait de 90 \u20ac si moins de 10 personnes.<\/em><\/p>\n<p>Lors de cette visite guid\u00e9e, nous vous emmenons le long des vignes et vous expliquons le cycle du raisin ainsi que le travail n\u00e9cessaire dans le vignoble. De la culture durable aux soins saisonniers : vous obtiendrez un aper\u00e7u unique du rythme de la nature et du soin apport\u00e9 \u00e0 chaque raisin.<\/p>\n<p>CONSEIL : combinez avec l\u2019accord vin et glace !<\/p>\n<\/div>\n<\/div>\n<p>R\u00e9servation via <a href=\"mailto:info@beerbosch.be\" target=\"_blank\" rel=\"noopener\">info@beerbosch.be<\/a> ou remplissez le <a href=\"https:\/\/www.beerbosch.be\/fr\/contact\/\" target=\"_blank\" rel=\"noopener\">formulaire sur notre page de contact<\/a>.<\/p>\n<p>[\/vc_column_text][\/vc_column_inner][\/vc_row_inner][\/vc_column][\/vc_row][vc_row][vc_column el_class=\u00a0\u00bbsidepadding\u00a0\u00bb col_shadow=\u00a0\u00bbbox_shadow_enable:disable|shadow_horizontal:0|shadow_vertical:15|shadow_blur:50|shadow_spread:0|box_shadow_color:rgba(0%2C0%2C0%2C0.35)\u00a0\u00bb col_shadow_hover=\u00a0\u00bbbox_shadow_enable:disable|shadow_horizontal:0|shadow_vertical:15|shadow_blur:50|shadow_spread:0|box_shadow_color:rgba(0%2C0%2C0%2C0.35)\u00a0\u00bb][vc_row_inner css=\u00a0\u00bb.vc_custom_1758181919954{padding-right: 20px !important;padding-left: 20px !important;}\u00a0\u00bb][vc_column_inner css=\u00a0\u00bb.vc_custom_1749910029830{padding-top: 20px !important;padding-bottom: 20px !important;}\u00a0\u00bb col_inner_shadow=\u00a0\u00bbbox_shadow_enable:disable|shadow_horizontal:0|shadow_vertical:15|shadow_blur:50|shadow_spread:0|box_shadow_color:rgba(0%2C0%2C0%2C0.35)\u00a0\u00bb col_inner_shadow_hover=\u00a0\u00bbbox_shadow_enable:disable|shadow_horizontal:0|shadow_vertical:15|shadow_blur:50|shadow_spread:0|box_shadow_color:rgba(0%2C0%2C0%2C0.35)\u00a0\u00bb][dfd_single_image image=\u00a0\u00bb3529&Prime; el_class=\u00a0\u00bbspacerimage\u00a0\u00bb][\/vc_column_inner][\/vc_row_inner][vc_row_inner css=\u00a0\u00bb.vc_custom_1758181895586{padding-right: 20px !important;padding-left: 20px !important;}\u00a0\u00bb][vc_column_inner][vc_column_text css=\u00a0\u00bb\u00a0\u00bb]<\/p>\n<h1 style=\"text-align: center;\">Compl\u00e9tez votre exp\u00e9rience<\/h1>\n<p>[\/vc_column_text][\/vc_column_inner][\/vc_row_inner][vc_row_inner css=\u00a0\u00bb.vc_custom_1758181895586{padding-right: 20px !important;padding-left: 20px !important;}\u00a0\u00bb][vc_column_inner width=\u00a0\u00bb2\/3&Prime;][vc_column_text css=\u00a0\u00bb\u00a0\u00bb]<\/p>\n<h2><strong>Ap\u00e9ro Classique<\/strong><\/h2>\n<p><strong>S\u00e9lection de 3 fromages<\/strong><br \/>\navec pain, noix &amp; confit de vin<\/p>\n<p>9 \u20ac par personne<\/p>\n<p><em>L\u00e9ger et raffin\u00e9 \u2014 id\u00e9al avec un verre de vin, avant le d\u00e9jeuner ou le d\u00eener.<\/em>[\/vc_column_text][dfd_spacer screen_wide_spacer_size=\u00a0\u00bb50&Prime; screen_normal_resolution=\u00a0\u00bb1024&Prime; screen_tablet_resolution=\u00a0\u00bb800&Prime; screen_mobile_resolution=\u00a0\u00bb480&Prime;][\/vc_column_inner][\/vc_row_inner][vc_row_inner css=\u00a0\u00bb.vc_custom_1758181895586{padding-right: 20px !important;padding-left: 20px !important;}\u00a0\u00bb][vc_column_inner width=\u00a0\u00bb2\/3&Prime;][vc_column_text css=\u00a0\u00bb\u00a0\u00bb]<\/p>\n<h2><strong>Ap\u00e9ro Gourmand<\/strong><\/h2>\n<p><strong>Focaccia avec houmous &amp; burrata<\/strong><br \/>\n30 \u20ac \/ 2 personnes<\/p>\n<p><em>Un ap\u00e9ro g\u00e9n\u00e9reux \u2014 parfait \u00e0 partager ou comme repas l\u00e9ger.<\/em>[\/vc_column_text][dfd_spacer screen_wide_spacer_size=\u00a0\u00bb50&Prime; screen_normal_resolution=\u00a0\u00bb1024&Prime; screen_tablet_resolution=\u00a0\u00bb800&Prime; screen_mobile_resolution=\u00a0\u00bb480&Prime;][\/vc_column_inner][\/vc_row_inner][vc_row_inner css=\u00a0\u00bb.vc_custom_1758181895586{padding-right: 20px !important;padding-left: 20px !important;}\u00a0\u00bb][vc_column_inner width=\u00a0\u00bb2\/3&Prime;][vc_column_text css=\u00a0\u00bb\u00a0\u00bb]<\/p>\n<h2><strong>Ap\u00e9ro Experience<\/strong><\/h2>\n<p><strong>Fromage &amp; charcuterie avec focaccia<\/strong><br \/>\nS\u00e9lection de fromages assortis et de charcuterie fine,<br \/>\navec garniture sucr\u00e9e et fruit\u00e9e, servie avec focaccia.<\/p>\n<p>24 \u20ac par personne<\/p>\n<p>Notre table la plus g\u00e9n\u00e9reuse \u2014 <em>remplace un repas<\/em>[\/vc_column_text][dfd_spacer screen_wide_spacer_size=\u00a0\u00bb50&Prime; screen_normal_resolution=\u00a0\u00bb1024&Prime; screen_tablet_resolution=\u00a0\u00bb800&Prime; screen_mobile_resolution=\u00a0\u00bb480&Prime;][\/vc_column_inner][\/vc_row_inner][\/vc_column][\/vc_row]<\/p>\n<\/div>","protected":false},"excerpt":{"rendered":"<p>[vc_row css=\u00a0\u00bb.vc_custom_1758181850635{padding-right: 20px !important;padding-left: 20px !important;}\u00a0\u00bb][vc_column][vc_row_inner][vc_column_inner][dfd_delimiter delimiter_style=\u00a0\u00bbdfd-delimiter-with-text\u00a0\u00bb text_delimiter=\u00a0\u00bbVisites guid\u00e9es &amp; E\u00e9gustations\u00a0\u00bb text_color=\u00a0\u00bb#000000&Prime; delim_line_color=\u00a0\u00bb#C59A68&Prime; title_font_options=\u00a0\u00bbfont_size:20&Prime; tutorials=\u00a0\u00bb\u00a0\u00bb][dfd_spacer screen_wide_spacer_size=\u00a0\u00bb20&Prime; screen_normal_resolution=\u00a0\u00bb1024&Prime; screen_tablet_resolution=\u00a0\u00bb800&Prime; screen_mobile_resolution=\u00a0\u00bb480&Prime;][\/vc_column_inner][\/vc_row_inner][vc_row_inner css=\u00a0\u00bb.vc_custom_1758181858754{padding-right: 20px !important;padding-left: 20px !important;}\u00a0\u00bb][vc_column_inner width=\u00a0\u00bb2\/3&Prime;][vc_column_text css=\u00a0\u00bb\u00a0\u00bb] Beerbosch Classic Tasting Une<\/p>\n","protected":false},"author":1,"featured_media":0,"parent":773,"menu_order":200,"comment_status":"closed","ping_status":"closed","template":"","meta":{"footnotes":""},"class_list":["post-4321","page","type-page","status-publish","hentry"],"_links":{"self":[{"href":"https:\/\/www.beerbosch.be\/fr\/wp-json\/wp\/v2\/pages\/4321","targetHints":{"allow":["GET"]}}],"collection":[{"href":"https:\/\/www.beerbosch.be\/fr\/wp-json\/wp\/v2\/pages"}],"about":[{"href":"https:\/\/www.beerbosch.be\/fr\/wp-json\/wp\/v2\/types\/page"}],"author":[{"embeddable":true,"href":"https:\/\/www.beerbosch.be\/fr\/wp-json\/wp\/v2\/users\/1"}],"replies":[{"embeddable":true,"href":"https:\/\/www.beerbosch.be\/fr\/wp-json\/wp\/v2\/comments?post=4321"}],"version-history":[{"count":4,"href":"https:\/\/www.beerbosch.be\/fr\/wp-json\/wp\/v2\/pages\/4321\/revisions"}],"predecessor-version":[{"id":4351,"href":"https:\/\/www.beerbosch.be\/fr\/wp-json\/wp\/v2\/pages\/4321\/revisions\/4351"}],"up":[{"embeddable":true,"href":"https:\/\/www.beerbosch.be\/fr\/wp-json\/wp\/v2\/pages\/773"}],"wp:attachment":[{"href":"https:\/\/www.beerbosch.be\/fr\/wp-json\/wp\/v2\/media?parent=4321"}],"curies":[{"name":"wp","href":"https:\/\/api.w.org\/{rel}","templated":true}]}}