{"id":773,"date":"2022-06-14T10:01:07","date_gmt":"2022-06-14T08:01:07","guid":{"rendered":"https:\/\/www.beerbosch.be\/?page_id=773"},"modified":"2026-04-13T14:16:26","modified_gmt":"2026-04-13T12:16:26","slug":"visitez-et-vivez","status":"publish","type":"page","link":"https:\/\/www.beerbosch.be\/fr\/visitez-et-vivez\/","title":{"rendered":"visitez et vivez"},"content":{"rendered":"<div class=\"wpb-content-wrapper\"><p>[vc_row css=\u00a0\u00bb.vc_custom_1611855065209{margin-top: 50px !important;margin-bottom: 20px !important;}\u00a0\u00bb][vc_column][dfd_delimiter delimiter_style=\u00a0\u00bbdfd-delimiter-with-text\u00a0\u00bb text_delimiter=\u00a0\u00bbVisite et d\u00e9gustation\u00a0\u00bb text_color=\u00a0\u00bb#000000&Prime; delim_line_color=\u00a0\u00bb#c89f6b\u00a0\u00bb title_font_options=\u00a0\u00bbfont_size:20|line_height:50&Prime; undefined=\u00a0\u00bb\u00a0\u00bb][\/vc_column][\/vc_row][vc_row][vc_column width=\u00a0\u00bb1\/2&Prime;][vc_column_text]<\/p>\n<h2>VISITE AVEC DEGUSTATION<\/h2>\n<p>Vous \u00eates toujours les bienvenus!<\/p>\n<p>On commance avec un petit promenade dans le vignoble, nous vous racontons l\u2019histoire du pied de vigne, du premier bourgeon jusqu\u2019\u00e0 la grappe de raisin qui sera vendang\u00e9e. Ensuite, dans notre salle de vinification, nous vous racontons dans le processus de production, du pressage \u00e0 la mise en bouteille. En termine avec quelques d\u00e9gustations.<\/p>\n<p>N&rsquo;h\u00e9sistez pas \u00e0 nous contacter pour tous les infos.[\/vc_column_text][\/vc_column][vc_column width=\u00a0\u00bb1\/2&Prime;][dfd_user_form fake_check_layout=\u00a0\u00bbforms_00&Prime; show_label_text=\u00a0\u00bbon\u00a0\u00bb horiz_margin_btw_inputs=\u00a0\u00bb10&Prime; button_border_radius=\u00a0\u00bb5&Prime; button_backgrond=\u00a0\u00bb#000000&Prime; btn_message=\u00a0\u00bbENVOYER\u00a0\u00bb btn_align=\u00a0\u00bbleft\u00a0\u00bb email_subject=\u00a0\u00bbOrder op site\u00a0\u00bb check_layout=\u00a0\u00bbforms_00.php\u00a0\u00bb check_layout_forms_00=\u00a0\u00bb{\u00ab\u00a01\u00ab\u00a0:{\u00ab\u00a0text_name\u00ab\u00a0:{\u00ab\u00a0required-1\u00ab\u00a0:\u00ab\u00a01\u00ab\u00a0,\u00ab\u00a0name\u00ab\u00a0:\u00ab\u00a0Nom\u00ab\u00a0}},\u00ab\u00a02\u00ab\u00a0:{\u00ab\u00a0text_name\u00ab\u00a0:{\u00ab\u00a0name\u00ab\u00a0:\u00ab\u00a0Prenom\u00ab\u00a0,\u00ab\u00a0required-1\u00ab\u00a0:\u00ab\u00a01\u00ab\u00a0}},\u00ab\u00a03\u00ab\u00a0:{\u00ab\u00a0email\u00ab\u00a0:{\u00ab\u00a0name\u00ab\u00a0:\u00ab\u00a0Email\u00ab\u00a0,\u00ab\u00a0required-1\u00ab\u00a0:\u00ab\u00a01\u00ab\u00a0}},\u00ab\u00a04\u00ab\u00a0:{\u00ab\u00a0telephone\u00ab\u00a0:{\u00ab\u00a0name\u00ab\u00a0:\u00ab\u00a0T\u00e9l\u00e9phone\u00ab\u00a0,\u00ab\u00a0required-1\u00ab\u00a0:\u00ab\u00a01\u00ab\u00a0}},\u00ab\u00a05\u00ab\u00a0:{\u00ab\u00a0textarea_name\u00ab\u00a0:{\u00ab\u00a0name\u00ab\u00a0:\u00ab\u00a0Votre question\u00ab\u00a0,\u00ab\u00a0required-1\u00ab\u00a0:\u00ab\u00a01\u00ab\u00a0}}}\u00a0\u00bb]Van: {{text_name-1}} {{text_name-2}}<br \/>\nEmail: {{email-3}}<br \/>\nTelefoon: {{telephone-4}}<\/p>\n<p>Bestelling:<br \/>\n{{textarea_name-5}}<\/p>\n<p>&#8212;<br \/>\nEmail verzonden op de bestelpagina<\/p>\n<p>&nbsp;<\/p>\n<p>[\/dfd_user_form][\/vc_column][\/vc_row][vc_row][vc_column][dfd_spacer screen_wide_spacer_size=\u00a0\u00bb20&Prime; screen_normal_resolution=\u00a0\u00bb1024&Prime; screen_tablet_resolution=\u00a0\u00bb800&Prime; screen_mobile_resolution=\u00a0\u00bb480&Prime;][\/vc_column][\/vc_row]<\/p>\n<\/div>","protected":false},"excerpt":{"rendered":"<p>[vc_row css=\u00a0\u00bb.vc_custom_1611855065209{margin-top: 50px !important;margin-bottom: 20px !important;}\u00a0\u00bb][vc_column][dfd_delimiter delimiter_style=\u00a0\u00bbdfd-delimiter-with-text\u00a0\u00bb text_delimiter=\u00a0\u00bbVisite et d\u00e9gustation\u00a0\u00bb text_color=\u00a0\u00bb#000000&Prime; delim_line_color=\u00a0\u00bb#c89f6b\u00a0\u00bb title_font_options=\u00a0\u00bbfont_size:20|line_height:50&Prime; undefined=\u00a0\u00bb\u00a0\u00bb][\/vc_column][\/vc_row][vc_row][vc_column width=\u00a0\u00bb1\/2&Prime;][vc_column_text] VISITE AVEC DEGUSTATION Vous \u00eates toujours les bienvenus! On commance avec un petit promenade dans<\/p>\n","protected":false},"author":1,"featured_media":0,"parent":0,"menu_order":125,"comment_status":"closed","ping_status":"closed","template":"tmp-page.php","meta":{"footnotes":""},"class_list":["post-773","page","type-page","status-publish","hentry"],"_links":{"self":[{"href":"https:\/\/www.beerbosch.be\/fr\/wp-json\/wp\/v2\/pages\/773","targetHints":{"allow":["GET"]}}],"collection":[{"href":"https:\/\/www.beerbosch.be\/fr\/wp-json\/wp\/v2\/pages"}],"about":[{"href":"https:\/\/www.beerbosch.be\/fr\/wp-json\/wp\/v2\/types\/page"}],"author":[{"embeddable":true,"href":"https:\/\/www.beerbosch.be\/fr\/wp-json\/wp\/v2\/users\/1"}],"replies":[{"embeddable":true,"href":"https:\/\/www.beerbosch.be\/fr\/wp-json\/wp\/v2\/comments?post=773"}],"version-history":[{"count":1,"href":"https:\/\/www.beerbosch.be\/fr\/wp-json\/wp\/v2\/pages\/773\/revisions"}],"predecessor-version":[{"id":4267,"href":"https:\/\/www.beerbosch.be\/fr\/wp-json\/wp\/v2\/pages\/773\/revisions\/4267"}],"wp:attachment":[{"href":"https:\/\/www.beerbosch.be\/fr\/wp-json\/wp\/v2\/media?parent=773"}],"curies":[{"name":"wp","href":"https:\/\/api.w.org\/{rel}","templated":true}]}}