{"id":1738,"date":"2023-04-13T12:51:06","date_gmt":"2023-04-13T10:51:06","guid":{"rendered":"https:\/\/www.beerbosch.be\/webshop\/gewurztraminer\/"},"modified":"2025-08-11T16:42:53","modified_gmt":"2025-08-11T14:42:53","slug":"gewurztraminer","status":"publish","type":"product","link":"https:\/\/www.beerbosch.be\/fr\/webshop\/gewurztraminer\/","title":{"rendered":"Gewurztraminer"},"content":{"rendered":"","protected":false},"excerpt":{"rendered":"<p><strong>VINIFICATION<\/strong>: Vin blanc \u00e9labor\u00e9 \u00e0 partir de 100% de Gewurztraminer.<\/p>\n<p><strong>D\u00c9GUSTATION<\/strong>: Un vin aromatique avec des notes de fruits exotiques et de roses.<\/p>\n<p><strong>GASTRONOMIE<\/strong>: Parfait en tant que digestif ou un incontournable avec la cuisine asiatique, les plats v\u00e9g\u00e9tariens ou les fromages tr\u00e8s forts.<\/p>\n","protected":false},"featured_media":3917,"template":"","meta":[],"product_brand":[],"product_cat":[73],"product_tag":[],"class_list":{"0":"post-1738","1":"product","2":"type-product","3":"status-publish","4":"has-post-thumbnail","6":"product_cat-vin","8":"first","9":"instock","10":"taxable","11":"shipping-taxable","12":"purchasable","13":"product-type-simple"},"_links":{"self":[{"href":"https:\/\/www.beerbosch.be\/fr\/wp-json\/wp\/v2\/product\/1738","targetHints":{"allow":["GET"]}}],"collection":[{"href":"https:\/\/www.beerbosch.be\/fr\/wp-json\/wp\/v2\/product"}],"about":[{"href":"https:\/\/www.beerbosch.be\/fr\/wp-json\/wp\/v2\/types\/product"}],"wp:featuredmedia":[{"embeddable":true,"href":"https:\/\/www.beerbosch.be\/fr\/wp-json\/wp\/v2\/media\/3917"}],"wp:attachment":[{"href":"https:\/\/www.beerbosch.be\/fr\/wp-json\/wp\/v2\/media?parent=1738"}],"wp:term":[{"taxonomy":"product_brand","embeddable":true,"href":"https:\/\/www.beerbosch.be\/fr\/wp-json\/wp\/v2\/product_brand?post=1738"},{"taxonomy":"product_cat","embeddable":true,"href":"https:\/\/www.beerbosch.be\/fr\/wp-json\/wp\/v2\/product_cat?post=1738"},{"taxonomy":"product_tag","embeddable":true,"href":"https:\/\/www.beerbosch.be\/fr\/wp-json\/wp\/v2\/product_tag?post=1738"}],"curies":[{"name":"wp","href":"https:\/\/api.w.org\/{rel}","templated":true}]}}